{"id":767,"date":"2022-04-19T22:27:52","date_gmt":"2022-04-19T19:27:52","guid":{"rendered":"https:\/\/power.agu.edu.tr\/?page_id=767"},"modified":"2022-06-06T22:32:20","modified_gmt":"2022-06-06T19:32:20","slug":"recent-works-electric-machine-design","status":"publish","type":"page","link":"http:\/\/power.agu.edu.tr\/index.php\/recent-works-electric-machine-design\/","title":{"rendered":"Recent Works &#8211; Electric Machine Design"},"content":{"rendered":"\n<div class=\"wp-block-cover alignfull is-light has-parallax\" style=\"background-image:url(https:\/\/power.agu.edu.tr\/wp-content\/uploads\/2022\/04\/IMG_3722-scaled.jpg);min-height:100vh\"><span aria-hidden=\"true\" class=\"has-background-dim-40 wp-block-cover__gradient-background has-background-dim\" style=\"background-color:#000000\"><\/span><div class=\"wp-block-cover__inner-container\">\n<h2 class=\"alignwide has-white-color has-text-color\" style=\"font-size:48px;line-height:1.2\"><strong><em>Electric Machine Design<\/em><\/strong><gwmw style=\"display:none;\"><gwmw style=\"display:none;\"><\/h2>\n\n\n\n<div class=\"wp-block-columns alignwide\">\n<div class=\"wp-block-column\" style=\"flex-basis:60%\">\n<p class=\"has-white-color has-text-color\">Various electric machines are designed and optimized as part of various T\u00dcB\u0130TAK and\u00a0 course and other research related projects in recent years including a Line Start Synchronous Reluctance Motor (T\u00dcB\u0130TAK 3501), Switched Reluctance Machine (SRM) (T\u00dcB\u0130TAK 1001), and Surface Mount and Interior Permanent Magnet Synchronous Machines (PMSM, IPMSM). Finite Element Analysis (FEA) and multi-objective optimization methods are used. These analyses are performed in ANSYS Maxwell and Matlab\/Simulink.<\/p>\n<\/div>\n\n\n\n<div class=\"wp-block-column\"><\/div>\n<\/div>\n<\/div><\/div>\n","protected":false},"excerpt":{"rendered":"","protected":false},"author":4,"featured_media":0,"parent":0,"menu_order":0,"comment_status":"closed","ping_status":"closed","template":"","meta":[],"_links":{"self":[{"href":"http:\/\/power.agu.edu.tr\/index.php\/wp-json\/wp\/v2\/pages\/767"}],"collection":[{"href":"http:\/\/power.agu.edu.tr\/index.php\/wp-json\/wp\/v2\/pages"}],"about":[{"href":"http:\/\/power.agu.edu.tr\/index.php\/wp-json\/wp\/v2\/types\/page"}],"author":[{"embeddable":true,"href":"http:\/\/power.agu.edu.tr\/index.php\/wp-json\/wp\/v2\/users\/4"}],"replies":[{"embeddable":true,"href":"http:\/\/power.agu.edu.tr\/index.php\/wp-json\/wp\/v2\/comments?post=767"}],"version-history":[{"count":4,"href":"http:\/\/power.agu.edu.tr\/index.php\/wp-json\/wp\/v2\/pages\/767\/revisions"}],"predecessor-version":[{"id":1104,"href":"http:\/\/power.agu.edu.tr\/index.php\/wp-json\/wp\/v2\/pages\/767\/revisions\/1104"}],"wp:attachment":[{"href":"http:\/\/power.agu.edu.tr\/index.php\/wp-json\/wp\/v2\/media?parent=767"}],"curies":[{"name":"wp","href":"https:\/\/api.w.org\/{rel}","templated":true}]}}