{"id":521,"date":"2022-04-12T22:15:58","date_gmt":"2022-04-12T19:15:58","guid":{"rendered":"https:\/\/power.agu.edu.tr\/?page_id=521"},"modified":"2025-04-13T00:50:14","modified_gmt":"2025-04-12T21:50:14","slug":"ph-d-students","status":"publish","type":"page","link":"http:\/\/power.agu.edu.tr\/index.php\/ph-d-students\/","title":{"rendered":"Ph.D. Students"},"content":{"rendered":"\n<hr class=\"wp-block-separator alignwide is-style-wide\"\/>\n\n\n\n<div class=\"wp-block-media-text alignwide is-stacked-on-mobile\" style=\"grid-template-columns:33% auto\"><figure class=\"wp-block-media-text__media\"><img loading=\"lazy\" width=\"399\" height=\"267\" src=\"http:\/\/power.agu.edu.tr\/wp-content\/uploads\/2022\/01\/Resim1.jpg\" alt=\"\" class=\"wp-image-83 size-full\" srcset=\"http:\/\/power.agu.edu.tr\/wp-content\/uploads\/2022\/01\/Resim1.jpg 399w, http:\/\/power.agu.edu.tr\/wp-content\/uploads\/2022\/01\/Resim1-300x201.jpg 300w\" sizes=\"(max-width: 399px) 100vw, 399px\" \/><\/figure><div class=\"wp-block-media-text__content\">\n<p class=\"has-text-align-center has-large-font-size\"><strong>ERTUGRUL ATES<\/strong><\/p>\n<\/div><\/div>\n\n\n\n<hr class=\"wp-block-separator alignwide is-style-wide\"\/>\n\n\n\n<p><strong>ERTUGRUL ATES&nbsp;<\/strong>got his BSc degree from Erciyes University Electrical and Electronics Engineering, and MSc degree from Yildiz Technical University Control and Automation Engineering. He is currently pursuing his Ph.D. degree at The Abdullah G\u00fcl University Electrical and Electronics Engineering where he is also working as a research assistant. His research mainly focuses on electric drive systems, sensorless control techniques, and control theory applications.<\/p>\n\n\n\n<div style=\"height:100px\" aria-hidden=\"true\" class=\"wp-block-spacer\"><\/div>\n\n\n\n<div class=\"wp-block-media-text alignwide is-stacked-on-mobile\" style=\"grid-template-columns:33% auto\"><figure class=\"wp-block-media-text__media\"><img loading=\"lazy\" width=\"886\" height=\"1024\" src=\"http:\/\/power.agu.edu.tr\/wp-content\/uploads\/2024\/09\/Vesikalik-886x1024-1.jpg\" alt=\"\" class=\"wp-image-1318 size-full\" srcset=\"http:\/\/power.agu.edu.tr\/wp-content\/uploads\/2024\/09\/Vesikalik-886x1024-1.jpg 886w, http:\/\/power.agu.edu.tr\/wp-content\/uploads\/2024\/09\/Vesikalik-886x1024-1-260x300.jpg 260w, http:\/\/power.agu.edu.tr\/wp-content\/uploads\/2024\/09\/Vesikalik-886x1024-1-768x888.jpg 768w\" sizes=\"(max-width: 886px) 100vw, 886px\" \/><\/figure><div class=\"wp-block-media-text__content\">\n<p class=\"has-text-align-center has-large-font-size\"><strong>EBUBEK\u0130R KESK\u0130NKILI\u00c7<br \/><\/strong><\/p>\n<\/div><\/div>\n\n\n\n<hr class=\"wp-block-separator alignwide is-style-wide\"\/>\n\n\n\n<p><strong>EBUBEKIR KESK\u0130NKILI\u00c7<\/strong> received B.S. degree (with honors) in electrical engineering from Y\u0131ld\u0131z Technical University, Istanbul, Turkey in 2019 and now he has been a master of student in Electrical and Computer Engineering from Abdullah Gul University since 2020. His undergraduate thesis topic is in about Field Oriented Control (FOC) of Permanent Magnet Synchronous Machine. His current master&#8217;s thesis topic is the design and application of bidirectional electric vehicle chargers that can be operated with reactive power. His research includes switched power supplies, electrical machinery drive systems, electric storage systems.<\/p>\n","protected":false},"excerpt":{"rendered":"<p>ERTUGRUL ATES ERTUGRUL ATES&nbsp;got his BSc degree from Erciyes University Electrical and Electronics Engineering, and MSc degree from Yildiz Technical University Control and Automation Engineering.<span class=\"more-button\"><a href=\"http:\/\/power.agu.edu.tr\/index.php\/ph-d-students\/\" class=\"more-link\">Continue reading<span class=\"screen-reader-text\">Ph.D. Students<\/span><\/a><\/a><\/p>\n","protected":false},"author":4,"featured_media":0,"parent":0,"menu_order":0,"comment_status":"closed","ping_status":"closed","template":"","meta":[],"_links":{"self":[{"href":"http:\/\/power.agu.edu.tr\/index.php\/wp-json\/wp\/v2\/pages\/521"}],"collection":[{"href":"http:\/\/power.agu.edu.tr\/index.php\/wp-json\/wp\/v2\/pages"}],"about":[{"href":"http:\/\/power.agu.edu.tr\/index.php\/wp-json\/wp\/v2\/types\/page"}],"author":[{"embeddable":true,"href":"http:\/\/power.agu.edu.tr\/index.php\/wp-json\/wp\/v2\/users\/4"}],"replies":[{"embeddable":true,"href":"http:\/\/power.agu.edu.tr\/index.php\/wp-json\/wp\/v2\/comments?post=521"}],"version-history":[{"count":35,"href":"http:\/\/power.agu.edu.tr\/index.php\/wp-json\/wp\/v2\/pages\/521\/revisions"}],"predecessor-version":[{"id":1319,"href":"http:\/\/power.agu.edu.tr\/index.php\/wp-json\/wp\/v2\/pages\/521\/revisions\/1319"}],"wp:attachment":[{"href":"http:\/\/power.agu.edu.tr\/index.php\/wp-json\/wp\/v2\/media?parent=521"}],"curies":[{"name":"wp","href":"https:\/\/api.w.org\/{rel}","templated":true}]}}