{"id":244,"date":"2022-01-26T21:55:02","date_gmt":"2022-01-26T18:55:02","guid":{"rendered":"http:\/\/power.agu.edu.tr\/?page_id=244"},"modified":"2025-04-13T00:50:13","modified_gmt":"2025-04-12T21:50:13","slug":"about","status":"publish","type":"page","link":"http:\/\/power.agu.edu.tr\/index.php\/about\/","title":{"rendered":"About"},"content":{"rendered":"<div class=\"is-default-size wp-block-site-logo\"><a href=\"http:\/\/power.agu.edu.tr\/\" class=\"custom-logo-link\" rel=\"home\"><img loading=\"lazy\" width=\"303\" height=\"160\" src=\"http:\/\/power.agu.edu.tr\/wp-content\/uploads\/2023\/03\/cropped-Agu_power_lab_eng.jpg\" class=\"custom-logo\" alt=\"\" srcset=\"http:\/\/power.agu.edu.tr\/wp-content\/uploads\/2023\/03\/cropped-Agu_power_lab_eng.jpg 303w, http:\/\/power.agu.edu.tr\/wp-content\/uploads\/2023\/03\/cropped-Agu_power_lab_eng-300x158.jpg 300w\" sizes=\"(max-width: 303px) 100vw, 303px\" \/><\/a><\/div>\n\n\n<hr class=\"wp-block-separator\"\/>\n\n\n\n<figure class=\"wp-block-image size-large\"><img loading=\"lazy\" width=\"1024\" height=\"683\" src=\"https:\/\/power.agu.edu.tr\/wp-content\/uploads\/2022\/04\/IMG_3637-1-1024x683.jpg\" alt=\"\" class=\"wp-image-628\" srcset=\"http:\/\/power.agu.edu.tr\/wp-content\/uploads\/2022\/04\/IMG_3637-1-1024x683.jpg 1024w, http:\/\/power.agu.edu.tr\/wp-content\/uploads\/2022\/04\/IMG_3637-1-300x200.jpg 300w, http:\/\/power.agu.edu.tr\/wp-content\/uploads\/2022\/04\/IMG_3637-1-768x512.jpg 768w, http:\/\/power.agu.edu.tr\/wp-content\/uploads\/2022\/04\/IMG_3637-1-1536x1024.jpg 1536w, http:\/\/power.agu.edu.tr\/wp-content\/uploads\/2022\/04\/IMG_3637-1-2048x1365.jpg 2048w\" sizes=\"(max-width: 1024px) 100vw, 1024px\" \/><\/figure>\n\n\n\n<p class=\"has-drop-cap has-black-color has-text-color has-normal-font-size\"><a rel=\"noreferrer noopener\" href=\"https:\/\/power.agu.edu.tr\/\" target=\"_blank\"><strong>AG\u00dc Power Lab<\/strong> <\/a>is established by Dr. Burak Tekg\u00fcn in 2017. Since then, it is equipped with the state-of-the-art equipment with the fundings provided by T\u00dcB\u0130TAK and AG\u00dc and is growing. The research priorities include design and optimization of electric machines, motor drives, electric machine controls, sensorless control techniques, electric vehicle charging units, battery management systems, and renewable energy systems.<gwmw style=\"display:none;\"><gwmw style=\"display:none;\"><\/p>\n","protected":false},"excerpt":{"rendered":"<p>AG\u00dc Power Lab is established by Dr. Burak Tekg\u00fcn in 2017. Since then, it is equipped with the state-of-the-art equipment with the fundings provided by<span class=\"more-button\"><a href=\"http:\/\/power.agu.edu.tr\/index.php\/about\/\" class=\"more-link\">Continue reading<span class=\"screen-reader-text\">About<\/span><\/a><\/a><\/p>\n","protected":false},"author":4,"featured_media":0,"parent":0,"menu_order":0,"comment_status":"closed","ping_status":"closed","template":"","meta":[],"_links":{"self":[{"href":"http:\/\/power.agu.edu.tr\/index.php\/wp-json\/wp\/v2\/pages\/244"}],"collection":[{"href":"http:\/\/power.agu.edu.tr\/index.php\/wp-json\/wp\/v2\/pages"}],"about":[{"href":"http:\/\/power.agu.edu.tr\/index.php\/wp-json\/wp\/v2\/types\/page"}],"author":[{"embeddable":true,"href":"http:\/\/power.agu.edu.tr\/index.php\/wp-json\/wp\/v2\/users\/4"}],"replies":[{"embeddable":true,"href":"http:\/\/power.agu.edu.tr\/index.php\/wp-json\/wp\/v2\/comments?post=244"}],"version-history":[{"count":9,"href":"http:\/\/power.agu.edu.tr\/index.php\/wp-json\/wp\/v2\/pages\/244\/revisions"}],"predecessor-version":[{"id":1138,"href":"http:\/\/power.agu.edu.tr\/index.php\/wp-json\/wp\/v2\/pages\/244\/revisions\/1138"}],"wp:attachment":[{"href":"http:\/\/power.agu.edu.tr\/index.php\/wp-json\/wp\/v2\/media?parent=244"}],"curies":[{"name":"wp","href":"https:\/\/api.w.org\/{rel}","templated":true}]}}