{"id":236,"date":"2022-01-26T21:47:09","date_gmt":"2022-01-26T18:47:09","guid":{"rendered":"http:\/\/power.agu.edu.tr\/?page_id=236"},"modified":"2023-11-29T10:08:03","modified_gmt":"2023-11-29T07:08:03","slug":"publications","status":"publish","type":"page","link":"http:\/\/power.agu.edu.tr\/index.php\/publications\/","title":{"rendered":"Publications"},"content":{"rendered":"\n<h2 class=\"has-orange-color has-text-color\">Refereed Journal Articles:<\/h2>\n\n\n\n<pre class=\"wp-block-verse has-small-font-size\" style=\"font-style:normal;font-weight:600\">D. Tekgun, M.M Cosdu, B. Tekgun, I. Alan, \"Investigating the Tradeoff Between the MMF Distortion and End Turn Length of a 2-Pole Line Start SynRM Performance,\" Iran. J. Sci. Technol. Trans. Electr. Eng. vol. 47, pp. 1447\u20131457, 2023, <strong><em><a rel=\"noreferrer noopener\" href=\"https:\/\/link.springer.com\/article\/10.1007\/s40998-023-00643-4\" target=\"_blank\">Read More<\/a><\/em><\/strong><gwmw style=\"display:none;\"><gwmw style=\"display:none;\"><\/gwmw><\/pre>\n\n\n\n<pre class=\"wp-block-verse has-small-font-size\" style=\"font-style:normal;font-weight:600\">U. Genc, B. Tekgun, \u201cInstantaneous torque error compensation based online torque sharing function for Switched reluctance Machines,\u201d Alexandria Engineering Journal, July 2023, vol. 75, pp: 261-270.<gwmw style=\"display:none;\"><\/pre>\n\n\n\n<pre class=\"wp-block-verse has-small-font-size\" style=\"font-style:normal;font-weight:600\">B. Tekgun, D. Tekgun, I. Alan, A multi-functional quasi-single stage bi-directional charger topology for electric vehicles, Ain Shams Engineering Journal, 2023, Early Access.<gwmw style=\"display:none;\"><\/pre>\n\n\n\n<pre class=\"wp-block-verse has-small-font-size\" style=\"font-style:normal;font-weight:600\">A. R. Boynuegri, B. Tekgun, \u201cReal-time energy management in an off-grid smart home: Flexible demand side control with electric vehicle and green hydrogen production\u201d, International Journal of Hydrogen Energy, July 2023, vol. 48, no. 60, pp. 23146-23155. <strong><em><a rel=\"noreferrer noopener\" href=\"https:\/\/www.sciencedirect.com\/science\/article\/pii\/S0360319923004755\" target=\"_blank\">Read More<\/a><\/em><\/strong><gwmw style=\"display:none;\"><\/pre>\n\n\n\n<pre class=\"wp-block-verse has-small-font-size\" style=\"font-style:normal;font-weight:600\">D. Tekgun, B. Tekgun, &amp; I. Alan, \u201cFEA based fast topology optimization method for switched reluctance machines\u201d Electrical Eng (2022). <strong><em><a rel=\"noreferrer noopener\" href=\"https:\/\/www.researchgate.net\/publication\/357571927_FEA_based_fast_topology_optimization_method_for_switched_reluctance_machines\" target=\"_blank\">Read More<\/a><\/em><\/strong><gwmw style=\"display:none;\"><\/pre>\n\n\n\n<pre class=\"wp-block-verse has-small-font-size\" style=\"font-style:normal;font-weight:600\">B. Tekgun, \"A modular buck-boost drive system for torque ripple minimization of switched reluctance machines\", Ni\u011fde \u00d6mer Halisdemir \u00dcniversitesi M\u00fchendislik Bilimleri Dergisi, c. 10, say\u0131. 1, ss. 63-70, Jan. 2021. <strong><em><a rel=\"noreferrer noopener\" href=\"https:\/\/dergipark.org.tr\/tr\/pub\/ngumuh\/issue\/59647\/806323\" target=\"_blank\">Read More<\/a><\/em><\/strong><\/pre>\n\n\n\n<pre class=\"wp-block-verse has-small-font-size\" style=\"font-style:normal;font-weight:600\">B. Tekgun, Y. Sozer, I. Tsukerman, P. Upadhyay and S. Englebretson, \"Core Loss Estimation in Electric Machines with Flux-Controlled Core Loss Tester,\" in IEEE Trans. on Ind. App., vol. 55, no. 2, pp. 1299-1308, March-April 2019. <strong><em><a rel=\"noreferrer noopener\" href=\"https:\/\/ieeexplore.ieee.org\/document\/8486738\" target=\"_blank\">Read More<\/a><\/em><\/strong><\/pre>\n\n\n\n<hr class=\"wp-block-separator\"\/>\n\n\n\n<h2 class=\"has-orange-color has-text-color\">Selected Conference Proceedings:<gwmw style=\"display:none;\"><\/h2>\n\n\n\n<pre class=\"wp-block-verse has-small-font-size\" style=\"font-style:normal;font-weight:600\">D. Tekgun, B. Tekgun and I. Alan, \"Structural Integrity Analysis of a Two-Pole Synchronous Reluctance Machine with Non-circular Shaft,\" 2023 5th Global Power, Energy and Communication Conference (GPECOM), Nevsehir, Turkiye, 2023, pp. 187-191, doi: 10.1109\/GPECOM58364.2023.10175767.<gwmw style=\"display:none;\"><\/pre>\n\n\n\n<pre class=\"wp-block-verse has-small-font-size\" style=\"font-style:normal;font-weight:600\">D. Tekgun, M. Muhsin Cosdu, B. Tekgun and I. Alan, \"Effect of the Stator Slot Indents on Fluid Damping Loss in Submersible Pump Applications,\" 2022 4rd Global Power, Energy and Communication Conference (GPECOM), 2022. <strong><em><a href=\"https:\/\/ieeexplore.ieee.org\/abstract\/document\/9815636\" target=\"_blank\" rel=\"noreferrer noopener\">Read More<\/a><\/em><\/strong><gwmw style=\"display:none;\"><\/pre>\n\n\n\n<pre class=\"wp-block-verse has-small-font-size\" style=\"font-style:normal;font-weight:600\">D. Tekgun, M. Muhsin Cosdu, B. Tekgun and I. Alan, \"Investigation of the Effects of Multi-Layer Winding Structures in Two Pole Synchronous Reluctance Machines,\" 2021 3rd Global Power, Energy and Communication Conference (GPECOM), Antalya, Turkey, pp. 120-125, 2021. <strong><em><a rel=\"noreferrer noopener\" href=\"http:\/\/acikerisim.agu.edu.tr\/xmlui\/bitstream\/handle\/20.500.12573\/1250\/Investigation%20of%20the%20Effects%20of%20Multi-Layer%20Winding%20Structures%20in%20Two%20Pole%20Synchronous%20Reluctance%20Machines.pdf?sequence=1&amp;isAllowed=y\" target=\"_blank\">Read More<\/a><\/em><\/strong><\/pre>\n\n\n\n<pre class=\"wp-block-verse has-small-font-size\" style=\"font-style:normal;font-weight:600\">E. Ates, B. Tekgun and G. Ablay, \"Sensorless Position and Speed Control of IPMSM with Sliding Mode Observer and Voltage Signal Injection,\" 2021 3rd Global Power, Energy and Communication Conference (GPECOM), Antalya, Turkey, pp. 115-119, 2021. <strong><em><a rel=\"noreferrer noopener\" href=\"https:\/\/www.researchgate.net\/publication\/355170671_Sensorless_Position_and_Speed_Control_of_IPMSM_with_Sliding_Mode_Observer_and_Voltage_Signal_Injection\" target=\"_blank\">Read More<\/a><\/em><\/strong><gwmw style=\"display:none;\"><\/pre>\n\n\n\n<pre class=\"wp-block-verse has-small-font-size\" style=\"font-style:normal;font-weight:600\">M. M Cosdu, A. F. Hacan and B. Tekgun, \u201cDesign Optimization of an Outer Rotor PMSM for a Drive Cycle using an Improved MODE Algorithm for a Lightweight Racing Vehicle,\u201d 2020 Int. Conf. on Elec. Power and Ener. Conv. Syst., pp. 1-7, Istanbul, Turkey, 2020. <strong><em><a rel=\"noreferrer noopener\" href=\"https:\/\/ieeexplore.ieee.org\/document\/9304956\" target=\"_blank\">Read More<\/a><\/em><\/strong><\/pre>\n\n\n\n<pre class=\"wp-block-verse has-small-font-size\" style=\"font-style:normal;font-weight:600\">D. Tekgun, B. Tekgun and I. Alan, \u201cA Modular Three-Phase Buck-Boost Motor Drive Topology,\u201d 2020 Int. Conf, on Elec. Power and Ener. Conv. Syst., pp. 1-7, Istanbul, Turkey, 2020. <strong><em><a rel=\"noreferrer noopener\" href=\"https:\/\/ieeexplore.ieee.org\/document\/9304972\" target=\"_blank\">Read More<\/a><\/em><\/strong><\/pre>\n\n\n\n<pre class=\"wp-block-verse has-small-font-size\" style=\"font-style:normal;font-weight:600\">E. Ates, B. Tekgun and G. Ablay, \"Sliding Mode Control of a Switched Reluctance Motor Drive with Four-Switch Bi-Directional DC-DC Converter for Torque Ripple Minimization,\" 2020 Int. Conf. on Smart Ener, Sys. and Tech. (SEST), pp. 1-6, Istanbul, Turkey, 2020. <strong><em><a rel=\"noreferrer noopener\" href=\"https:\/\/ieeexplore.ieee.org\/document\/9203523\" target=\"_blank\">Read More<\/a><\/em><\/strong><\/pre>\n\n\n\n<pre class=\"wp-block-verse has-small-font-size\" style=\"font-style:normal;font-weight:600\">B. Tekgun, D. Tekgun, I. Alan and M. Badawy, \"Design and Control of a Single-Phase DC\/Rectified AC\/AC Inverter for low THD Applications,\" 2018 7th Int. Conf. on Renew. Ener. Res. and App. (ICRERA), pp. 424-430, Paris, 2018. <strong><em><a rel=\"noreferrer noopener\" href=\"https:\/\/ieeexplore.ieee.org\/document\/8566841\" target=\"_blank\">Read More<\/a><\/em><\/strong><gwmw style=\"display:none;\"><\/pre>\n\n\n\n<p><\/p>\n\n\n\n<p><\/p>\n","protected":false},"excerpt":{"rendered":"<p>Refereed Journal Articles: D. Tekgun, M.M Cosdu, B. Tekgun, I. Alan, &#8220;Investigating the Tradeoff Between the MMF Distortion and End Turn Length of a 2-Pole<span class=\"more-button\"><a href=\"http:\/\/power.agu.edu.tr\/index.php\/publications\/\" class=\"more-link\">Continue reading<span class=\"screen-reader-text\">Publications<\/span><\/a><\/a><\/p>\n","protected":false},"author":4,"featured_media":0,"parent":0,"menu_order":0,"comment_status":"closed","ping_status":"closed","template":"","meta":[],"_links":{"self":[{"href":"http:\/\/power.agu.edu.tr\/index.php\/wp-json\/wp\/v2\/pages\/236"}],"collection":[{"href":"http:\/\/power.agu.edu.tr\/index.php\/wp-json\/wp\/v2\/pages"}],"about":[{"href":"http:\/\/power.agu.edu.tr\/index.php\/wp-json\/wp\/v2\/types\/page"}],"author":[{"embeddable":true,"href":"http:\/\/power.agu.edu.tr\/index.php\/wp-json\/wp\/v2\/users\/4"}],"replies":[{"embeddable":true,"href":"http:\/\/power.agu.edu.tr\/index.php\/wp-json\/wp\/v2\/comments?post=236"}],"version-history":[{"count":25,"href":"http:\/\/power.agu.edu.tr\/index.php\/wp-json\/wp\/v2\/pages\/236\/revisions"}],"predecessor-version":[{"id":1304,"href":"http:\/\/power.agu.edu.tr\/index.php\/wp-json\/wp\/v2\/pages\/236\/revisions\/1304"}],"wp:attachment":[{"href":"http:\/\/power.agu.edu.tr\/index.php\/wp-json\/wp\/v2\/media?parent=236"}],"curies":[{"name":"wp","href":"https:\/\/api.w.org\/{rel}","templated":true}]}}