{"id":1268,"date":"2023-03-22T17:09:34","date_gmt":"2023-03-22T14:09:34","guid":{"rendered":"https:\/\/power.agu.edu.tr\/?page_id=1268"},"modified":"2025-08-07T13:04:20","modified_gmt":"2025-08-07T10:04:20","slug":"alumni","status":"publish","type":"page","link":"http:\/\/power.agu.edu.tr\/index.php\/alumni\/","title":{"rendered":"Alumni"},"content":{"rendered":"\n<div class=\"wp-block-media-text alignwide is-stacked-on-mobile is-vertically-aligned-center\" style=\"grid-template-columns:29% auto\"><figure class=\"wp-block-media-text__media\"><img src=\"http:\/\/power.agu.edu.tr\/wp-content\/uploads\/2022\/01\/Resim1.jpg\" alt=\"\" class=\"wp-image-1323 size-full\"\/><\/figure><div class=\"wp-block-media-text__content\">\n<p class=\"has-text-align-center has-large-font-size\"><strong>ERTU\u011eRUL ATE\u015e<\/strong><\/p>\n<\/div><\/div>\n\n\n\n<hr class=\"wp-block-separator\"\/>\n\n\n\n<p><strong>Dr. Ertu\u011frul ATE\u015e<\/strong> graduated from the Department of Electrical and Computer Engineering at Abdullah G\u00fcl University and received his Ph.D. degree in 2024 with his dissertation on electric machine drive systems, sensorless vector control of AC machines, and applications of control theory. He worked as a Research Assistant at the same university between 2019 and 2023. From 2019 to 2020, he was a scholar under the T\u00dcB\u0130TAK 1001 \u2013 Scientific and Technological Research Project. Between 2023 and 2024, he conducted research as a visiting scholar at the University of Texas at Dallas in the United States, supported by the T\u00dcB\u0130TAK 2214 \u2013 International Doctoral Research Fellowship Program. He is currently serving as a Research Assistant in the Department of Computer Engineering, Division of Control and Command Systems at Ni\u011fde \u00d6mer Halisdemir University. Additionally, he continues his research as a postdoctoral researcher at the AGU POWER LAB research laboratory at Abdullah G\u00fcl University.<\/p>\n\n\n\n<div style=\"height:100px\" aria-hidden=\"true\" class=\"wp-block-spacer\"><\/div>\n\n\n\n<div class=\"wp-block-media-text alignwide is-stacked-on-mobile is-vertically-aligned-center\" style=\"grid-template-columns:29% auto\"><figure class=\"wp-block-media-text__media\"><img src=\"http:\/\/power.agu.edu.tr\/wp-content\/uploads\/2022\/01\/arif-emre-yildiz.jpg\" alt=\"\" class=\"wp-image-1323 size-full\"\/><\/figure><div class=\"wp-block-media-text__content\">\n<p class=\"has-text-align-center has-large-font-size\"><strong>AR\u0130F EMRE YILDIZ<\/strong><\/p>\n<\/div><\/div>\n\n\n\n<hr class=\"wp-block-separator\"\/>\n\n\n\n<p><strong>AR\u0130F EMRE YILDIZ <\/strong>has received his bachelor&#8217;s degree in Electrical and Electronics Engineering from Abdullah G\u00fcl University. He worked at AGU Power Electronics Laboratory between 2021-2024. His research interests are design and optimisation of electrical machines.<\/p>\n\n\n\n<div style=\"height:100px\" aria-hidden=\"true\" class=\"wp-block-spacer\"><\/div>\n\n\n\n<div class=\"wp-block-media-text alignwide is-stacked-on-mobile is-vertically-aligned-center\" style=\"grid-template-columns:29% auto\"><figure class=\"wp-block-media-text__media\"><img loading=\"lazy\" width=\"1024\" height=\"926\" src=\"https:\/\/power.agu.edu.tr\/wp-content\/uploads\/2022\/04\/didem-hoca-1024x926.jpg\" alt=\"\" class=\"wp-image-625 size-full\" srcset=\"http:\/\/power.agu.edu.tr\/wp-content\/uploads\/2022\/04\/didem-hoca-1024x926.jpg 1024w, http:\/\/power.agu.edu.tr\/wp-content\/uploads\/2022\/04\/didem-hoca-300x271.jpg 300w, http:\/\/power.agu.edu.tr\/wp-content\/uploads\/2022\/04\/didem-hoca-768x695.jpg 768w, http:\/\/power.agu.edu.tr\/wp-content\/uploads\/2022\/04\/didem-hoca.jpg 1280w\" sizes=\"(max-width: 1024px) 100vw, 1024px\" \/><\/figure><div class=\"wp-block-media-text__content\">\n<p class=\"has-text-align-center has-large-font-size\"><strong>D\u0130DEM TEKG\u00dcN<\/strong><gwmw style=\"display:none;\"><\/gwmw><\/p>\n<\/div><\/div>\n\n\n\n<hr class=\"wp-block-separator\"\/>\n\n\n\n<p><strong>DIDEM TEKGUN<\/strong> has received her bachelor\u2019s degree in electrical and electronics engineering from Inonu University, Malatya, Turkey, and M.Sc. degree in electrical and computer engineering from The University of Akron, Akron, OH, USA in 2017. Currently she is pursuing her Ph.D. degree in Abdullah Gul University. Her research interests include AC electric machine design and optimization techniques, SRM noise reduction techniques, sensor development, and power electronics. She has been a part of various military, industrial, and research projects funded by TARDEC, Bendix Commercial Vehicle Systems, and T\u00dcB\u0130TAK. Her dissertation research is rewarded by T\u00dcB\u0130TAK scientist support program and recognized by various companies. She has a patent application, two journal articles, and five conference proceedings from her dissertation research.<\/p>\n\n\n\n<div style=\"height:100px\" aria-hidden=\"true\" class=\"wp-block-spacer\"><\/div>\n\n\n\n<div class=\"wp-block-media-text alignwide is-stacked-on-mobile\" style=\"grid-template-columns:27% auto\"><figure class=\"wp-block-media-text__media\"><img loading=\"lazy\" width=\"960\" height=\"912\" src=\"http:\/\/power.agu.edu.tr\/wp-content\/uploads\/2022\/01\/ufuk-1.jpg\" alt=\"\" class=\"wp-image-148 size-full\" srcset=\"http:\/\/power.agu.edu.tr\/wp-content\/uploads\/2022\/01\/ufuk-1.jpg 960w, http:\/\/power.agu.edu.tr\/wp-content\/uploads\/2022\/01\/ufuk-1-300x285.jpg 300w, http:\/\/power.agu.edu.tr\/wp-content\/uploads\/2022\/01\/ufuk-1-768x730.jpg 768w\" sizes=\"(max-width: 960px) 100vw, 960px\" \/><\/figure><div class=\"wp-block-media-text__content\">\n<p class=\"has-text-align-center has-medium-font-size\" style=\"text-align: center;\"><strong>UFUK GEN\u00c7<\/strong><\/p>\n<\/div><\/div>\n\n\n\n<hr class=\"wp-block-separator\"\/>\n\n\n\n<p><strong>UFUK GENC<\/strong> received the BsC degree in electric and electronic engineering from Eski\u015fehir Osmangazi University, Eski\u015fehir, Turkey in 2019. He is currently working on MsC degree in electrical and electronics engineering with power electronics lab at Abdullah G\u00fcl University, Kayseri, Turkey. His research interests include torque control and minimization of switched reluctance machines.<\/p>\n\n\n\n<div style=\"height:100px\" aria-hidden=\"true\" class=\"wp-block-spacer\"><\/div>\n\n\n\n<div class=\"wp-block-media-text alignwide is-stacked-on-mobile\" style=\"grid-template-columns:27% auto\"><figure class=\"wp-block-media-text__media\"><img loading=\"lazy\" width=\"1016\" height=\"1024\" src=\"http:\/\/power.agu.edu.tr\/wp-content\/uploads\/2022\/01\/Muhsin-1016x1024.jpg\" alt=\"\" class=\"wp-image-281 size-full\" srcset=\"http:\/\/power.agu.edu.tr\/wp-content\/uploads\/2022\/01\/Muhsin-1016x1024.jpg 1016w, http:\/\/power.agu.edu.tr\/wp-content\/uploads\/2022\/01\/Muhsin-298x300.jpg 298w, http:\/\/power.agu.edu.tr\/wp-content\/uploads\/2022\/01\/Muhsin-150x150.jpg 150w, http:\/\/power.agu.edu.tr\/wp-content\/uploads\/2022\/01\/Muhsin-768x774.jpg 768w, http:\/\/power.agu.edu.tr\/wp-content\/uploads\/2022\/01\/Muhsin-1524x1536.jpg 1524w, http:\/\/power.agu.edu.tr\/wp-content\/uploads\/2022\/01\/Muhsin.jpg 1640w\" sizes=\"(max-width: 1016px) 100vw, 1016px\" \/><\/figure><div class=\"wp-block-media-text__content\">\n<p class=\"has-text-align-center has-medium-font-size\"><strong>MUHAMMED MUHS\u0130N CO\u015eDU<\/strong><\/p>\n<\/div><\/div>\n\n\n\n<hr class=\"wp-block-separator is-style-wide\"\/>\n\n\n\n<p><strong>MUHAMMED MUHSIN COSDU<\/strong> joined Abdullah Gul University in 2018 after graduating from Meram Science Highschool. After finishing the preparatory program early, joined the Electrical and Electronics Engineering program in the 2018-2019 Spring Semester. In 2019 joined Power Lab where he started working on the design and optimization of electric machines. With the development of an effective optimization algorithm for geometric optimization of electric machines, he contributed to publications in the laboratory. His research interest mainly focused on Electric Machine Design, Optimization, and Production, but he also worked on electric motor control topologies and algorithms.<\/p>\n\n\n\n<div style=\"height:100px\" aria-hidden=\"true\" class=\"wp-block-spacer\"><\/div>\n\n\n\n<div class=\"wp-block-media-text alignwide is-stacked-on-mobile\" style=\"grid-template-columns:28% auto\"><figure class=\"wp-block-media-text__media\"><img loading=\"lazy\" width=\"899\" height=\"1024\" src=\"http:\/\/power.agu.edu.tr\/wp-content\/uploads\/2022\/01\/furkan-1-899x1024.jpg\" alt=\"\" class=\"wp-image-260 size-full\" srcset=\"http:\/\/power.agu.edu.tr\/wp-content\/uploads\/2022\/01\/furkan-1-899x1024.jpg 899w, http:\/\/power.agu.edu.tr\/wp-content\/uploads\/2022\/01\/furkan-1-264x300.jpg 264w, http:\/\/power.agu.edu.tr\/wp-content\/uploads\/2022\/01\/furkan-1-768x874.jpg 768w, http:\/\/power.agu.edu.tr\/wp-content\/uploads\/2022\/01\/furkan-1.jpg 953w\" sizes=\"(max-width: 899px) 100vw, 899px\" \/><\/figure><div class=\"wp-block-media-text__content\">\n<p class=\"has-text-align-center has-medium-font-size\"><strong>AHMET FURKAN HA\u00c7AN<\/strong><\/p>\n<\/div><\/div>\n\n\n\n<hr class=\"wp-block-separator is-style-wide\"\/>\n\n\n<p><strong>AHMET FURKAN HA\u00c7AN<\/strong> is a senior year student in Electrical Electronics Engineering at Abdullah G\u00fcl University. He joined Power Lab in 2020. His research interest includes the design and optimization of electric machines, high torque density TFM, traction applications, and motor control.<\/p>\n\n\n<div style=\"height:100px\" aria-hidden=\"true\" class=\"wp-block-spacer\"><\/div>\n\n\n\n<div class=\"wp-block-media-text alignwide is-stacked-on-mobile\" style=\"grid-template-columns:27% auto\"><figure class=\"wp-block-media-text__media\"><img loading=\"lazy\" width=\"831\" height=\"1024\" src=\"http:\/\/power.agu.edu.tr\/wp-content\/uploads\/2022\/01\/yasin-831x1024.jpeg\" alt=\"\" class=\"wp-image-328 size-full\" srcset=\"http:\/\/power.agu.edu.tr\/wp-content\/uploads\/2022\/01\/yasin-831x1024.jpeg 831w, http:\/\/power.agu.edu.tr\/wp-content\/uploads\/2022\/01\/yasin-243x300.jpeg 243w, http:\/\/power.agu.edu.tr\/wp-content\/uploads\/2022\/01\/yasin-768x946.jpeg 768w, http:\/\/power.agu.edu.tr\/wp-content\/uploads\/2022\/01\/yasin.jpeg 952w\" sizes=\"(max-width: 831px) 100vw, 831px\" \/><\/figure><div class=\"wp-block-media-text__content\">\n<p class=\"has-text-align-center has-medium-font-size\"><strong>MEHMET YAS\u0130N \u00d6ZDEM\u0130R<\/strong><gwmw style=\"display:none;\"><gwmw style=\"display:none;\"><\/p>\n<\/div><\/div>\n\n\n\n<hr class=\"wp-block-separator is-style-wide\"\/>\n\n\n\n<p><strong>MEHMET YAS\u0130N \u00d6ZDEM\u0130R<\/strong> received his B.Sc. in Mechatronics Engineering from Erciyes \u00dcniversity, Kayseri, in 2021. He has been working at the AGU Power Lab since 2019. His research interests focused on fluid mechanics, heat transfer on fluid flow. He performs modal analysis, steady state thermal analysis, computational fluid dynamics analysis using Ansys Software.<gwmw style=\"display:none;\"><gwmw style=\"display:none;\"><\/p>\n\n\n\n<div style=\"height:100px\" aria-hidden=\"true\" class=\"wp-block-spacer\"><\/div>\n\n\n\n<div class=\"wp-block-media-text alignwide is-stacked-on-mobile\" style=\"grid-template-columns:27% auto\"><figure class=\"wp-block-media-text__media\"><img loading=\"lazy\" width=\"1024\" height=\"1024\" src=\"http:\/\/power.agu.edu.tr\/wp-content\/uploads\/2022\/01\/muratcan-1024x1024.jpg\" alt=\"\" class=\"wp-image-254 size-full\" srcset=\"http:\/\/power.agu.edu.tr\/wp-content\/uploads\/2022\/01\/muratcan-1024x1024.jpg 1024w, http:\/\/power.agu.edu.tr\/wp-content\/uploads\/2022\/01\/muratcan-300x300.jpg 300w, http:\/\/power.agu.edu.tr\/wp-content\/uploads\/2022\/01\/muratcan-150x150.jpg 150w, http:\/\/power.agu.edu.tr\/wp-content\/uploads\/2022\/01\/muratcan-768x768.jpg 768w, http:\/\/power.agu.edu.tr\/wp-content\/uploads\/2022\/01\/muratcan-1536x1536.jpg 1536w, http:\/\/power.agu.edu.tr\/wp-content\/uploads\/2022\/01\/muratcan.jpg 1650w\" sizes=\"(max-width: 1024px) 100vw, 1024px\" \/><\/figure><div class=\"wp-block-media-text__content\">\n<p class=\"has-text-align-center has-medium-font-size\"><strong>MURATCAN YAZICI<\/strong><\/p>\n<\/div><\/div>\n\n\n\n<hr class=\"wp-block-separator is-style-wide\"\/>\n\n\n\n<p><strong>MURATCAN YAZ\u0130C\u0130<\/strong> studied Electrical Electronics Engineering at Abdullah Gul University. He worked in the AGU Power Laboratory under the supervision of Dr. Tekgun over two years. Throughout his endeavors in Power Laboratory, he worked on the design of a&#8221; Battery Management System and Thermal Analysis of a Battery Pack using Ansys Fluent. In addition, he is the designer of &#8220;Traction Motor Drive &amp; Control&#8221; PCBs in the laboratory.<gwmw style=\"display:none;\"><gwmw style=\"display:none;\"><\/gwmw><gwmw style=\"display:none;\"><\/p>\n\n\n\n<div style=\"height:100px\" aria-hidden=\"true\" class=\"wp-block-spacer\"><\/div>\n","protected":false},"excerpt":{"rendered":"<p>ERTU\u011eRUL ATE\u015e Dr. Ertu\u011frul ATE\u015e graduated from the Department of Electrical and Computer Engineering at Abdullah G\u00fcl University and received his Ph.D. degree in 2024<span class=\"more-button\"><a href=\"http:\/\/power.agu.edu.tr\/index.php\/alumni\/\" class=\"more-link\">Continue reading<span class=\"screen-reader-text\">Alumni<\/span><\/a><\/a><\/p>\n","protected":false},"author":7,"featured_media":0,"parent":0,"menu_order":0,"comment_status":"closed","ping_status":"closed","template":"","meta":[],"_links":{"self":[{"href":"http:\/\/power.agu.edu.tr\/index.php\/wp-json\/wp\/v2\/pages\/1268"}],"collection":[{"href":"http:\/\/power.agu.edu.tr\/index.php\/wp-json\/wp\/v2\/pages"}],"about":[{"href":"http:\/\/power.agu.edu.tr\/index.php\/wp-json\/wp\/v2\/types\/page"}],"author":[{"embeddable":true,"href":"http:\/\/power.agu.edu.tr\/index.php\/wp-json\/wp\/v2\/users\/7"}],"replies":[{"embeddable":true,"href":"http:\/\/power.agu.edu.tr\/index.php\/wp-json\/wp\/v2\/comments?post=1268"}],"version-history":[{"count":12,"href":"http:\/\/power.agu.edu.tr\/index.php\/wp-json\/wp\/v2\/pages\/1268\/revisions"}],"predecessor-version":[{"id":1379,"href":"http:\/\/power.agu.edu.tr\/index.php\/wp-json\/wp\/v2\/pages\/1268\/revisions\/1379"}],"wp:attachment":[{"href":"http:\/\/power.agu.edu.tr\/index.php\/wp-json\/wp\/v2\/media?parent=1268"}],"curies":[{"name":"wp","href":"https:\/\/api.w.org\/{rel}","templated":true}]}}