{"id":1262,"date":"2023-03-22T17:05:04","date_gmt":"2023-03-22T14:05:04","guid":{"rendered":"https:\/\/power.agu.edu.tr\/?page_id=1262"},"modified":"2025-08-07T12:59:41","modified_gmt":"2025-08-07T09:59:41","slug":"mezunlar","status":"publish","type":"page","link":"http:\/\/power.agu.edu.tr\/index.php\/mezunlar\/","title":{"rendered":"Mezunlar"},"content":{"rendered":"\n<div class=\"wp-block-media-text alignwide is-stacked-on-mobile is-vertically-aligned-center\" style=\"grid-template-columns:29% auto\"><figure class=\"wp-block-media-text__media\"><img src=\"http:\/\/power.agu.edu.tr\/wp-content\/uploads\/2022\/01\/Resim1.jpg\" alt=\"\" class=\"wp-image-1323 size-full\"\/><\/figure><div class=\"wp-block-media-text__content\">\n<p style=\"text-align: center;\"><strong>ERTU\u011eRUL ATE\u015e<br><\/strong><\/p>\n<\/div><\/div>\n\n\n\n<hr class=\"wp-block-separator\"\/>\n\n\n\n<p><strong>ERTU\u011eRUL ATE\u015e, <\/strong>Abdullah G\u00fcl \u00dcniversitesi Elektrik ve Bilgisayar M\u00fchendisli\u011fi B\u00f6l\u00fcm\u00fc\u2019nden mezun olan Dr. Ertu\u011frul ATE\u015e, 2024 y\u0131l\u0131nda elektrik makinesi s\u00fcr\u00fcc\u00fc sistemleri, AC makinelerin sens\u00f6rs\u00fcz vekt\u00f6r kontrol\u00fc ve kontrol teorisi uygulamalar\u0131 alan\u0131ndaki tez \u00e7al\u0131\u015fmas\u0131n\u0131 ba\u015far\u0131yla tamamlayarak doktora derecesini alm\u0131\u015ft\u0131r. 2019\u20132023 y\u0131llar\u0131 aras\u0131nda ayn\u0131 \u00fcniversitede Ara\u015ft\u0131rma G\u00f6revlisi olarak g\u00f6rev yapm\u0131\u015ft\u0131r. 2019\u20132020 y\u0131llar\u0131nda T\u00dcB\u0130TAK 1001 \u2013 Bilimsel ve Teknolojik Ara\u015ft\u0131rma Projesi kapsam\u0131nda bursiyer olarak yer alm\u0131\u015f; 2023\u20132024 y\u0131llar\u0131 aras\u0131nda ise T\u00dcB\u0130TAK 2214 \u2013 Yurt D\u0131\u015f\u0131 Doktora S\u0131ras\u0131 Ara\u015ft\u0131rma Burs Program\u0131 deste\u011fiyle Amerika Birle\u015fik Devletleri\u2019ndeki University of Texas at Dallas\u2019ta ara\u015ft\u0131rmac\u0131 olarak \u00e7al\u0131\u015fmalar\u0131n\u0131 s\u00fcrd\u00fcrm\u00fc\u015ft\u00fcr. Halen Ni\u011fde \u00d6mer Halisdemir \u00dcniversitesi Bilgisayar M\u00fchendisli\u011fi B\u00f6l\u00fcm\u00fc, Kontrol ve Kumanda Sistemleri Anabilim Dal\u0131\u2019nda Ara\u015ft\u0131rma G\u00f6revlisi olarak g\u00f6rev yapmaktad\u0131r. Ayr\u0131ca Abdullah G\u00fcl \u00dcniversitesi b\u00fcnyesindeki AGU POWER LAB ara\u015ft\u0131rma laboratuvar\u0131nda doktora sonras\u0131 ara\u015ft\u0131rmac\u0131 olarak \u00e7al\u0131\u015fmalar\u0131na devam&nbsp;etmektedir.<\/p>\n\n\n\n<div style=\"height:81px\" aria-hidden=\"true\" class=\"wp-block-spacer\"><\/div>\n\n\n\n<div class=\"wp-block-media-text alignwide is-stacked-on-mobile is-vertically-aligned-center\" style=\"grid-template-columns:29% auto\"><figure class=\"wp-block-media-text__media\"><img src=\"http:\/\/power.agu.edu.tr\/wp-content\/uploads\/2022\/01\/arif-emre-yildiz.jpg\" alt=\"\" class=\"wp-image-1323 size-full\"\/><\/figure><div class=\"wp-block-media-text__content\">\n<p style=\"text-align: center;\"><strong>AR\u0130F EMRE YILDIZ<br><\/strong><\/p>\n<\/div><\/div>\n\n\n\n<hr class=\"wp-block-separator\"\/>\n\n\n\n<p><strong>AR\u0130F EMRE YILDIZ, <\/strong>lisans derecesini Abdullah G\u00fcl \u00dcniversitesi&#8217;nden Elektrik Elektronik M\u00fchendisli\u011fi b\u00f6l\u00fcm\u00fcnden alm\u0131\u015ft\u0131r. 2021-2024 y\u0131llar\u0131 aras\u0131nda AG\u00dc G\u00fc\u00e7 Elektroni\u011fi Laboratuvar\u0131nda \u00e7al\u0131\u015fm\u0131\u015ft\u0131r. \u0130lgi alanlar\u0131 elektrik makineleri tasar\u0131m\u0131 ve optimizasyonudur.<\/p>\n\n\n\n<div style=\"height:81px\" aria-hidden=\"true\" class=\"wp-block-spacer\"><\/div>\n\n\n\n<div class=\"wp-block-media-text alignwide is-stacked-on-mobile is-vertically-aligned-center\" style=\"grid-template-columns:29% auto\"><figure class=\"wp-block-media-text__media\"><img loading=\"lazy\" width=\"1024\" height=\"926\" src=\"https:\/\/power.agu.edu.tr\/wp-content\/uploads\/2022\/04\/didem-hoca-1024x926.jpg\" alt=\"\" class=\"wp-image-625 size-full\" srcset=\"http:\/\/power.agu.edu.tr\/wp-content\/uploads\/2022\/04\/didem-hoca-1024x926.jpg 1024w, http:\/\/power.agu.edu.tr\/wp-content\/uploads\/2022\/04\/didem-hoca-300x271.jpg 300w, http:\/\/power.agu.edu.tr\/wp-content\/uploads\/2022\/04\/didem-hoca-768x695.jpg 768w, http:\/\/power.agu.edu.tr\/wp-content\/uploads\/2022\/04\/didem-hoca.jpg 1280w\" sizes=\"(max-width: 1024px) 100vw, 1024px\" \/><\/figure><div class=\"wp-block-media-text__content\">\n<p style=\"text-align: center;\"><strong>D\u0130DEM TEKG\u00dcN<\/strong><\/p>\n<\/div><\/div>\n\n\n\n<hr class=\"wp-block-separator\"\/>\n\n\n\n<p>Didem Tekg\u00fcn, lisans derecesini \u0130n\u00f6n\u00fc \u00dcniversitesi Elektrik ve Elektronik M\u00fchendisli\u011fi b\u00f6l\u00fcm\u00fcnden alm\u0131\u015ft\u0131r ve ard\u0131ndan 2017 y\u0131l\u0131nda ABD&#8217;deki Akron \u00dcniversitesi&#8217;nden elektrik ve bilgisayar m\u00fchendisli\u011fi alan\u0131nda y\u00fcksek lisans derecesi alm\u0131\u015ft\u0131r. \u015eu anda Abdullah G\u00fcl \u00dcniversitesi&#8217;nde doktora derecesini tamamlamaktad\u0131r. Ara\u015ft\u0131rma ilgi alanlar\u0131 aras\u0131nda AC elektrik motoru tasar\u0131m\u0131 ve optimizasyon teknikleri, SRM g\u00fcr\u00fclt\u00fc azaltma teknikleri, sens\u00f6r geli\u015ftirme ve g\u00fc\u00e7 elektroni\u011fi yer almaktad\u0131r. TARDEC, Bendix Ticari Ara\u00e7 Sistemleri ve T\u00dcB\u0130TAK taraf\u0131ndan finanse edilen \u00e7e\u015fitli askeri, end\u00fcstriyel ve ara\u015ft\u0131rma projelerinde yer alm\u0131\u015ft\u0131r. Tez \u00e7al\u0131\u015fmas\u0131, T\u00dcB\u0130TAK bilim insan\u0131 destek program\u0131 taraf\u0131ndan \u00f6d\u00fcllendirilmi\u015f ve \u00e7e\u015fitli \u015firketler taraf\u0131ndan tan\u0131nm\u0131\u015ft\u0131r. Tez \u00e7al\u0131\u015fmas\u0131ndan bir patent ba\u015fvurusu, iki dergi makalesi ve be\u015f konferans bildirisi bulunmaktad\u0131r.<\/p>\n\n\n\n<div style=\"height:81px\" aria-hidden=\"true\" class=\"wp-block-spacer\"><\/div>\n\n\n\n<div class=\"wp-block-media-text alignwide is-stacked-on-mobile\" style=\"grid-template-columns:27% auto\"><figure class=\"wp-block-media-text__media\"><img loading=\"lazy\" width=\"960\" height=\"912\" src=\"http:\/\/power.agu.edu.tr\/wp-content\/uploads\/2022\/01\/ufuk-1.jpg\" alt=\"\" class=\"wp-image-148 size-full\" srcset=\"http:\/\/power.agu.edu.tr\/wp-content\/uploads\/2022\/01\/ufuk-1.jpg 960w, http:\/\/power.agu.edu.tr\/wp-content\/uploads\/2022\/01\/ufuk-1-300x285.jpg 300w, http:\/\/power.agu.edu.tr\/wp-content\/uploads\/2022\/01\/ufuk-1-768x730.jpg 768w\" sizes=\"(max-width: 960px) 100vw, 960px\" \/><\/figure><div class=\"wp-block-media-text__content\">\n<p class=\"has-text-align-center has-medium-font-size\" style=\"text-align: center;\"><strong>UFUK GEN\u00c7<\/strong><\/p>\n<\/div><\/div>\n\n\n\n<hr class=\"wp-block-separator\"\/>\n\n\n\n<p>UFUK GENC<strong>, <\/strong>lisans derecesini 2019 y\u0131l\u0131nda Eski\u015fehir Osmangazi \u00dcniversitesi Elektrik ve Elektronik M\u00fchendisli\u011fi b\u00f6l\u00fcm\u00fcnden alm\u0131\u015ft\u0131r. \u015eu anda Abdullah G\u00fcl \u00dcniversitesi&#8217;nde g\u00fc\u00e7 elektroni\u011fi laboratuvar\u0131nda elektrik ve elektronik m\u00fchendisli\u011fi y\u00fcksek lisans derecesi \u00fczerinde \u00e7al\u0131\u015fmaktad\u0131r. Ara\u015ft\u0131rma ilgi alanlar\u0131 aras\u0131nda anahtarlamal\u0131 d\u00fczensiz makinelerin tork kontrol\u00fc ve minimizasyonu bulunmaktad\u0131r.<\/p>\n\n\n\n<hr class=\"wp-block-separator is-style-wide\"\/>\n\n\n\n<div style=\"height:81px\" aria-hidden=\"true\" class=\"wp-block-spacer\"><\/div>\n\n\n\n<div class=\"wp-block-media-text alignwide is-stacked-on-mobile\" style=\"grid-template-columns:27% auto\"><figure class=\"wp-block-media-text__media\"><img loading=\"lazy\" width=\"1016\" height=\"1024\" src=\"http:\/\/power.agu.edu.tr\/wp-content\/uploads\/2022\/01\/Muhsin-1016x1024.jpg\" alt=\"\" class=\"wp-image-281 size-full\" srcset=\"http:\/\/power.agu.edu.tr\/wp-content\/uploads\/2022\/01\/Muhsin-1016x1024.jpg 1016w, http:\/\/power.agu.edu.tr\/wp-content\/uploads\/2022\/01\/Muhsin-298x300.jpg 298w, http:\/\/power.agu.edu.tr\/wp-content\/uploads\/2022\/01\/Muhsin-150x150.jpg 150w, http:\/\/power.agu.edu.tr\/wp-content\/uploads\/2022\/01\/Muhsin-768x774.jpg 768w, http:\/\/power.agu.edu.tr\/wp-content\/uploads\/2022\/01\/Muhsin-1524x1536.jpg 1524w, http:\/\/power.agu.edu.tr\/wp-content\/uploads\/2022\/01\/Muhsin.jpg 1640w\" sizes=\"(max-width: 1016px) 100vw, 1016px\" \/><\/figure><div class=\"wp-block-media-text__content\">\n<p class=\"has-text-align-center has-medium-font-size\"><strong>MUHAMMED MUHS\u0130N CO\u015eDU<\/strong><\/p>\n<\/div><\/div>\n\n\n\n<hr class=\"wp-block-separator is-style-wide\"\/>\n\n\n\n<p>MUHAMMED MUHS\u0130N COSDU, Meram Fen Lisesi&#8217;nden mezun olduktan sonra 2018 y\u0131l\u0131nda Abdullah G\u00fcl \u00dcniversitesi&#8217;ne kat\u0131ld\u0131. Haz\u0131rl\u0131k program\u0131n\u0131 erken bitirerek 2018-2019 Bahar D\u00f6nemi&#8217;nde Elektrik ve Elektronik M\u00fchendisli\u011fi program\u0131na kat\u0131ld\u0131. 2019 y\u0131l\u0131nda G\u00fc\u00e7 Laboratuvar\u0131&#8217;na kat\u0131larak elektrik makinelerinin tasar\u0131m\u0131 ve optimizasyonu \u00fczerinde \u00e7al\u0131\u015fmaya ba\u015flad\u0131. Elektrik makinelerinin geometrik optimizasyonu i\u00e7in etkili bir optimizasyon algoritmas\u0131 geli\u015ftirerek laboratuvar yay\u0131nlar\u0131na katk\u0131 sa\u011flad\u0131. Ara\u015ft\u0131rma ilgi alanlar\u0131 genellikle Elektrik Makinesi Tasar\u0131m\u0131, Optimizasyonu ve \u00dcretimi \u00fczerine odakland\u0131, ancak elektrik motoru kontrol topolojileri ve algoritmalar\u0131 \u00fczerinde de \u00e7al\u0131\u015ft\u0131.<\/p>\n\n\n\n<div style=\"height:81px\" aria-hidden=\"true\" class=\"wp-block-spacer\"><\/div>\n\n\n\n<div class=\"wp-block-media-text alignwide is-stacked-on-mobile\" style=\"grid-template-columns:28% auto\"><figure class=\"wp-block-media-text__media\"><img loading=\"lazy\" width=\"899\" height=\"1024\" src=\"http:\/\/power.agu.edu.tr\/wp-content\/uploads\/2022\/01\/furkan-1-899x1024.jpg\" alt=\"\" class=\"wp-image-260 size-full\" srcset=\"http:\/\/power.agu.edu.tr\/wp-content\/uploads\/2022\/01\/furkan-1-899x1024.jpg 899w, http:\/\/power.agu.edu.tr\/wp-content\/uploads\/2022\/01\/furkan-1-264x300.jpg 264w, http:\/\/power.agu.edu.tr\/wp-content\/uploads\/2022\/01\/furkan-1-768x874.jpg 768w, http:\/\/power.agu.edu.tr\/wp-content\/uploads\/2022\/01\/furkan-1.jpg 953w\" sizes=\"(max-width: 899px) 100vw, 899px\" \/><\/figure><div class=\"wp-block-media-text__content\">\n<p class=\"has-text-align-center has-medium-font-size\"><strong>AHMET FURKAN HA\u00c7AN<\/strong><\/p>\n<\/div><\/div>\n\n\n\n<hr class=\"wp-block-separator is-style-wide\"\/>\n\n\n<p>AHMET FURKAN HA\u00c7AN, Abdullah G\u00fcl \u00dcniversitesi Elektrik Elektronik M\u00fchendisli\u011fi b\u00f6l\u00fcm\u00fcnden 2022 y\u0131l\u0131nda mezun olmu\u015ftur. 2020 y\u0131l\u0131nda Power Lab&#8217;a kat\u0131lm\u0131\u015ft\u0131r. Ara\u015ft\u0131rma ilgi alanlar\u0131 aras\u0131nda elektrik makinelerinin tasar\u0131m\u0131 ve optimizasyonu, y\u00fcksek tork yo\u011funluklu TFM, \u00e7eki\u015f uygulamalar\u0131 ve motor kontrol\u00fc bulunmaktad\u0131r.<\/p>\n\n\n<div style=\"height:85px\" aria-hidden=\"true\" class=\"wp-block-spacer\"><\/div>\n\n\n\n<div class=\"wp-block-media-text alignwide is-stacked-on-mobile\" style=\"grid-template-columns:27% auto\"><figure class=\"wp-block-media-text__media\"><img loading=\"lazy\" width=\"831\" height=\"1024\" src=\"http:\/\/power.agu.edu.tr\/wp-content\/uploads\/2022\/01\/yasin-831x1024.jpeg\" alt=\"\" class=\"wp-image-328 size-full\" srcset=\"http:\/\/power.agu.edu.tr\/wp-content\/uploads\/2022\/01\/yasin-831x1024.jpeg 831w, http:\/\/power.agu.edu.tr\/wp-content\/uploads\/2022\/01\/yasin-243x300.jpeg 243w, http:\/\/power.agu.edu.tr\/wp-content\/uploads\/2022\/01\/yasin-768x946.jpeg 768w, http:\/\/power.agu.edu.tr\/wp-content\/uploads\/2022\/01\/yasin.jpeg 952w\" sizes=\"(max-width: 831px) 100vw, 831px\" \/><\/figure><div class=\"wp-block-media-text__content\">\n<p class=\"has-text-align-center has-medium-font-size\"><strong>MEHMET YAS\u0130N \u00d6ZDEM\u0130R<\/strong><gwmw style=\"display:none;\"><gwmw style=\"display:none;\"><\/p>\n<\/div><\/div>\n\n\n\n<hr class=\"wp-block-separator is-style-wide\"\/>\n\n\n\n<p><strong>MEHMET YAS\u0130N \u00d6ZDEM\u0130R, E<\/strong>rciyes \u00dcniversitesi Mechatronics M\u00fchendisli\u011fi b\u00f6l\u00fcm\u00fcnden 2021 y\u0131l\u0131nda mezun oldu. 2019 y\u0131l\u0131ndan beri AGU G\u00fc\u00e7 Laboratuvar\u0131&#8217;nda \u00e7al\u0131\u015fmaktad\u0131r. Ara\u015ft\u0131rma ilgi alanlar\u0131, ak\u0131\u015fkanlar mekani\u011fi ve ak\u0131\u015fkan ak\u0131\u015f\u0131nda \u0131s\u0131 transferi \u00fczerine odaklanmaktad\u0131r. Ansys yaz\u0131l\u0131m\u0131n\u0131 kullanarak modal analiz, sabit durumlu termal analiz ve hesaplamal\u0131 ak\u0131\u015fkanlar dinami\u011fi analizi yapmaktad\u0131r.<gwmw style=\"display:none;\"><gwmw style=\"display:none;\"><\/gwmw><\/p>\n\n\n\n<div style=\"height:88px\" aria-hidden=\"true\" class=\"wp-block-spacer\"><\/div>\n\n\n\n<div class=\"wp-block-media-text alignwide is-stacked-on-mobile\" style=\"grid-template-columns:27% auto\"><figure class=\"wp-block-media-text__media\"><img loading=\"lazy\" width=\"1024\" height=\"1024\" src=\"http:\/\/power.agu.edu.tr\/wp-content\/uploads\/2022\/01\/muratcan-1024x1024.jpg\" alt=\"\" class=\"wp-image-254 size-full\" srcset=\"http:\/\/power.agu.edu.tr\/wp-content\/uploads\/2022\/01\/muratcan-1024x1024.jpg 1024w, http:\/\/power.agu.edu.tr\/wp-content\/uploads\/2022\/01\/muratcan-300x300.jpg 300w, http:\/\/power.agu.edu.tr\/wp-content\/uploads\/2022\/01\/muratcan-150x150.jpg 150w, http:\/\/power.agu.edu.tr\/wp-content\/uploads\/2022\/01\/muratcan-768x768.jpg 768w, http:\/\/power.agu.edu.tr\/wp-content\/uploads\/2022\/01\/muratcan-1536x1536.jpg 1536w, http:\/\/power.agu.edu.tr\/wp-content\/uploads\/2022\/01\/muratcan.jpg 1650w\" sizes=\"(max-width: 1024px) 100vw, 1024px\" \/><\/figure><div class=\"wp-block-media-text__content\">\n<p class=\"has-text-align-center has-medium-font-size\"><strong>MURATCAN YAZICI<\/strong><\/p>\n<\/div><\/div>\n\n\n\n<hr class=\"wp-block-separator is-style-wide\"\/>\n\n\n\n<p><strong>MURATCAN YAZICI, <\/strong>Abdullah Gul University&#8217;nde Elektrik Elektronik M\u00fchendisli\u011fi b\u00f6l\u00fcm\u00fcnde okudu. Dr. Tekg\u00fcn&#8217;\u00fcn dan\u0131\u015fmanl\u0131\u011f\u0131nda AGU G\u00fc\u00e7 Laboratuvar\u0131&#8217;nda iki y\u0131l boyunca \u00e7al\u0131\u015ft\u0131. G\u00fc\u00e7 Laboratuvar\u0131ndaki \u00e7al\u0131\u015fmalar\u0131 boyunca &#8220;Bir Pil Y\u00f6netim Sistemi Tasar\u0131m\u0131&#8221; ve &#8220;Ansys Fluent kullanarak Bir Batarya Paketinin Termal Analizi&#8221; \u00fczerine \u00e7al\u0131\u015fmalar y\u00fcr\u00fctt\u00fc. Ayr\u0131ca laboratuvarda &#8220;Traction Motor Drive &amp; Control&#8221; PCB&#8217;lerinin tasar\u0131mc\u0131s\u0131d\u0131r.<gwmw style=\"display:none;\"><gwmw style=\"display:none;\"><gwmw style=\"display:none;\"><\/gwmw><\/p>\n\n\n\n<div style=\"height:83px\" aria-hidden=\"true\" class=\"wp-block-spacer\"><\/div>\n\n\n\n<hr class=\"wp-block-separator is-style-wide\"\/>\n\n\n\n<p><\/p>\n","protected":false},"excerpt":{"rendered":"<p>ERTU\u011eRUL ATE\u015e ERTU\u011eRUL ATE\u015e, Abdullah G\u00fcl \u00dcniversitesi Elektrik ve Bilgisayar M\u00fchendisli\u011fi B\u00f6l\u00fcm\u00fc\u2019nden mezun olan Dr. Ertu\u011frul ATE\u015e, 2024 y\u0131l\u0131nda elektrik makinesi s\u00fcr\u00fcc\u00fc sistemleri, AC makinelerin<span class=\"more-button\"><a href=\"http:\/\/power.agu.edu.tr\/index.php\/mezunlar\/\" class=\"more-link\">Continue reading<span class=\"screen-reader-text\">Mezunlar<\/span><\/a><\/a><\/p>\n","protected":false},"author":7,"featured_media":0,"parent":0,"menu_order":0,"comment_status":"closed","ping_status":"closed","template":"","meta":[],"_links":{"self":[{"href":"http:\/\/power.agu.edu.tr\/index.php\/wp-json\/wp\/v2\/pages\/1262"}],"collection":[{"href":"http:\/\/power.agu.edu.tr\/index.php\/wp-json\/wp\/v2\/pages"}],"about":[{"href":"http:\/\/power.agu.edu.tr\/index.php\/wp-json\/wp\/v2\/types\/page"}],"author":[{"embeddable":true,"href":"http:\/\/power.agu.edu.tr\/index.php\/wp-json\/wp\/v2\/users\/7"}],"replies":[{"embeddable":true,"href":"http:\/\/power.agu.edu.tr\/index.php\/wp-json\/wp\/v2\/comments?post=1262"}],"version-history":[{"count":10,"href":"http:\/\/power.agu.edu.tr\/index.php\/wp-json\/wp\/v2\/pages\/1262\/revisions"}],"predecessor-version":[{"id":1374,"href":"http:\/\/power.agu.edu.tr\/index.php\/wp-json\/wp\/v2\/pages\/1262\/revisions\/1374"}],"wp:attachment":[{"href":"http:\/\/power.agu.edu.tr\/index.php\/wp-json\/wp\/v2\/media?parent=1262"}],"curies":[{"name":"wp","href":"https:\/\/api.w.org\/{rel}","templated":true}]}}