{"id":1228,"date":"2023-03-22T01:19:43","date_gmt":"2023-03-21T22:19:43","guid":{"rendered":"https:\/\/power.agu.edu.tr\/?page_id=1228"},"modified":"2024-09-05T14:22:42","modified_gmt":"2024-09-05T11:22:42","slug":"yuksek-lisans-ogrencileri","status":"publish","type":"page","link":"http:\/\/power.agu.edu.tr\/index.php\/yuksek-lisans-ogrencileri\/","title":{"rendered":"Y\u00fcksek Lisans \u00d6\u011frencileri"},"content":{"rendered":"\n<hr class=\"wp-block-separator alignwide is-style-wide\"\/>\n\n\n\n<div class=\"wp-block-media-text alignwide is-stacked-on-mobile\" style=\"grid-template-columns:26% auto\"><figure class=\"wp-block-media-text__media\"><img loading=\"lazy\" width=\"1024\" height=\"1024\" src=\"http:\/\/power.agu.edu.tr\/wp-content\/uploads\/2024\/09\/hasan_can_karatepe-1024x1024-1.jpg\" alt=\"\" class=\"wp-image-1339 size-full\" srcset=\"http:\/\/power.agu.edu.tr\/wp-content\/uploads\/2024\/09\/hasan_can_karatepe-1024x1024-1.jpg 1024w, http:\/\/power.agu.edu.tr\/wp-content\/uploads\/2024\/09\/hasan_can_karatepe-1024x1024-1-300x300.jpg 300w, http:\/\/power.agu.edu.tr\/wp-content\/uploads\/2024\/09\/hasan_can_karatepe-1024x1024-1-150x150.jpg 150w, http:\/\/power.agu.edu.tr\/wp-content\/uploads\/2024\/09\/hasan_can_karatepe-1024x1024-1-768x768.jpg 768w, http:\/\/power.agu.edu.tr\/wp-content\/uploads\/2024\/09\/hasan_can_karatepe-1024x1024-1-604x604.jpg 604w\" sizes=\"(max-width: 1024px) 100vw, 1024px\" \/><\/figure><div class=\"wp-block-media-text__content\">\n<p class=\"has-text-align-center\" style=\"font-size:30px\"><strong>HASAN CAN KARATEPE<\/strong><\/p>\n<\/div><\/div>\n\n\n\n<hr class=\"wp-block-separator is-style-wide\"\/>\n\n\n\n<p class=\"has-normal-font-size\"><strong>HASAN CAN KARATEPE, <\/strong>Abdullah G\u00fcl \u00dcniversitesi&#8217;nde Elektrik ve Elektronik M\u00fchendisli\u011fi Y\u00fcksek Lisans \u00f6\u011frencisidir. 2024 y\u0131l\u0131nda Abdullah G\u00fcl \u00dcniversitesi&#8217;nden mezun oldu. 2021 y\u0131l\u0131ndan bu yana AG\u00dc Power Laboratuvar\u0131&#8217;nda \u00e7al\u0131\u015fmaktad\u0131r. Ara\u015ft\u0131rma alanlar\u0131 kal\u0131c\u0131 m\u0131knat\u0131sl\u0131 senkron makinelerin (PMSM) ve senkron rel\u00fcktans makinelerinin (SynRM) tasar\u0131m\u0131 ve optimizasyonu, motor s\u00fcr\u00fcc\u00fcleri ve g\u00f6m\u00fcl\u00fc sistemlerdir.<\/p>\n\n\n\n<hr class=\"wp-block-separator is-style-wide\"\/>\n\n\n\n<div class=\"wp-block-media-text alignwide is-stacked-on-mobile\" style=\"grid-template-columns:26% auto\"><figure class=\"wp-block-media-text__media\"><img src=\"http:\/\/power.agu.edu.tr\/wp-content\/uploads\/2024\/09\/Semih_foto.jpg\" alt=\"\" class=\"wp-image-1340 size-full\"\/><\/figure><div class=\"wp-block-media-text__content\">\n<p class=\"has-text-align-center\" style=\"font-size:30px\"><strong> SEM\u0130H \u00dcNAL<\/strong><\/p>\n<\/div><\/div>\n\n\n\n<hr class=\"wp-block-separator is-style-wide\"\/>\n\n\n\n<p class=\"has-normal-font-size\"><strong>SEM\u0130H \u00dcNAL,<\/strong> Abdullah G\u00fcl \u00dcniversitesi\u2019nde Elektrik ve Elektronik M\u00fchendisli\u011fi Y\u00fcksek Lisans \u00f6\u011frencisidir. 2024 y\u0131l\u0131nda Abdullah G\u00fcl \u00dcniversitesi Elektrik ve Elektronik M\u00fchendisli\u011fi lisans program\u0131ndan mezun olmu\u015f ve ayn\u0131 y\u0131l y\u00fcksek lisans program\u0131na ba\u015flam\u0131\u015ft\u0131r. 2022 y\u0131l\u0131ndan bu yana AGU Power Laboratuvar\u0131\u2019nda \u00e7al\u0131\u015fmaktad\u0131r. Ara\u015ft\u0131rma alanlar\u0131 g\u00f6m\u00fcl\u00fc sistemler, PCB tasar\u0131m\u0131 ve G\u00fc\u00e7\u00a0elektroni\u011fidir.<\/p>\n\n\n\n<hr class=\"wp-block-separator is-style-wide\"\/>\n\n\n\n<div style=\"height:100px\" aria-hidden=\"true\" class=\"wp-block-spacer\"><\/div>\n\n\n\n<p><\/p>\n","protected":false},"excerpt":{"rendered":"<p>HASAN CAN KARATEPE HASAN CAN KARATEPE, Abdullah G\u00fcl \u00dcniversitesi&#8217;nde Elektrik ve Elektronik M\u00fchendisli\u011fi Y\u00fcksek Lisans \u00f6\u011frencisidir. 2024 y\u0131l\u0131nda Abdullah G\u00fcl \u00dcniversitesi&#8217;nden mezun oldu. 2021 y\u0131l\u0131ndan<span class=\"more-button\"><a href=\"http:\/\/power.agu.edu.tr\/index.php\/yuksek-lisans-ogrencileri\/\" class=\"more-link\">Continue reading<span class=\"screen-reader-text\">Y\u00fcksek Lisans \u00d6\u011frencileri<\/span><\/a><\/a><\/p>\n","protected":false},"author":7,"featured_media":0,"parent":0,"menu_order":0,"comment_status":"closed","ping_status":"closed","template":"","meta":[],"_links":{"self":[{"href":"http:\/\/power.agu.edu.tr\/index.php\/wp-json\/wp\/v2\/pages\/1228"}],"collection":[{"href":"http:\/\/power.agu.edu.tr\/index.php\/wp-json\/wp\/v2\/pages"}],"about":[{"href":"http:\/\/power.agu.edu.tr\/index.php\/wp-json\/wp\/v2\/types\/page"}],"author":[{"embeddable":true,"href":"http:\/\/power.agu.edu.tr\/index.php\/wp-json\/wp\/v2\/users\/7"}],"replies":[{"embeddable":true,"href":"http:\/\/power.agu.edu.tr\/index.php\/wp-json\/wp\/v2\/comments?post=1228"}],"version-history":[{"count":6,"href":"http:\/\/power.agu.edu.tr\/index.php\/wp-json\/wp\/v2\/pages\/1228\/revisions"}],"predecessor-version":[{"id":1361,"href":"http:\/\/power.agu.edu.tr\/index.php\/wp-json\/wp\/v2\/pages\/1228\/revisions\/1361"}],"wp:attachment":[{"href":"http:\/\/power.agu.edu.tr\/index.php\/wp-json\/wp\/v2\/media?parent=1228"}],"curies":[{"name":"wp","href":"https:\/\/api.w.org\/{rel}","templated":true}]}}