{"id":1224,"date":"2023-03-22T01:15:13","date_gmt":"2023-03-21T22:15:13","guid":{"rendered":"https:\/\/power.agu.edu.tr\/?page_id=1224"},"modified":"2025-08-07T12:49:45","modified_gmt":"2025-08-07T09:49:45","slug":"doktora-ogrencileri","status":"publish","type":"page","link":"http:\/\/power.agu.edu.tr\/index.php\/doktora-ogrencileri\/","title":{"rendered":"Doktora \u00d6\u011frencileri"},"content":{"rendered":"\n<hr class=\"wp-block-separator alignwide is-style-wide\"\/>\n\n\n\n<div style=\"height:100px\" aria-hidden=\"true\" class=\"wp-block-spacer\"><\/div>\n\n\n\n<div class=\"wp-block-media-text alignwide is-stacked-on-mobile\" style=\"grid-template-columns:33% auto\"><figure class=\"wp-block-media-text__media\"><img loading=\"lazy\" width=\"886\" height=\"1024\" src=\"http:\/\/power.agu.edu.tr\/wp-content\/uploads\/2024\/09\/Vesikalik-886x1024-2.jpg\" alt=\"\" class=\"wp-image-1337 size-full\" srcset=\"http:\/\/power.agu.edu.tr\/wp-content\/uploads\/2024\/09\/Vesikalik-886x1024-2.jpg 886w, http:\/\/power.agu.edu.tr\/wp-content\/uploads\/2024\/09\/Vesikalik-886x1024-2-260x300.jpg 260w, http:\/\/power.agu.edu.tr\/wp-content\/uploads\/2024\/09\/Vesikalik-886x1024-2-768x888.jpg 768w\" sizes=\"(max-width: 886px) 100vw, 886px\" \/><\/figure><div class=\"wp-block-media-text__content\">\n<p class=\"has-text-align-center has-large-font-size\"><strong>EBUBEKIR KESK\u0130NKILI\u00c7<br \/><\/strong><\/p>\n<\/div><\/div>\n\n\n\n<hr class=\"wp-block-separator alignwide is-style-wide\"\/>\n\n\n\n<p><strong>EBUBEK\u0130R KESK\u0130NKILI\u00c7, <\/strong>lisans derecesini 2019 y\u0131l\u0131nda Y\u0131ld\u0131z Teknik \u00dcniversitesi Elektrik M\u00fchendisli\u011fi b\u00f6l\u00fcm\u00fcnden &#8220;y\u00fcksek \u015feref&#8221; derecesiyle alm\u0131\u015ft\u0131r ve \u015fu anda Abdullah G\u00fcl \u00dcniversitesi Elektrik ve Bilgisayar M\u00fchendisli\u011fi b\u00f6l\u00fcm\u00fcnde y\u00fcksek lisans \u00f6\u011frencisidir. Lisans tezi konusu, Kal\u0131c\u0131 M\u0131knat\u0131s Senkron Makinelerin Alan Y\u00f6nelimli Kontrol\u00fc (FOC) \u00fczerinedir. Y\u00fcksek lisans tezi konusu ise, reaktif g\u00fc\u00e7 ile \u00e7al\u0131\u015fabilen \u00e7ift y\u00f6nl\u00fc elektrikli ara\u00e7 \u015farj cihazlar\u0131n\u0131n tasar\u0131m\u0131 ve uygulamas\u0131d\u0131r. Ara\u015ft\u0131rma konular\u0131 aras\u0131nda anahtarlamal\u0131 g\u00fc\u00e7<strong> <\/strong>kaynaklar\u0131, elektrikli makine tahrik sistemleri ve elektrikli depolama sistemleri yer almaktad\u0131r.<\/p>\n","protected":false},"excerpt":{"rendered":"<p>EBUBEKIR KESK\u0130NKILI\u00c7 EBUBEK\u0130R KESK\u0130NKILI\u00c7, lisans derecesini 2019 y\u0131l\u0131nda Y\u0131ld\u0131z Teknik \u00dcniversitesi Elektrik M\u00fchendisli\u011fi b\u00f6l\u00fcm\u00fcnden &#8220;y\u00fcksek \u015feref&#8221; derecesiyle alm\u0131\u015ft\u0131r ve \u015fu anda Abdullah G\u00fcl \u00dcniversitesi Elektrik<span class=\"more-button\"><a href=\"http:\/\/power.agu.edu.tr\/index.php\/doktora-ogrencileri\/\" class=\"more-link\">Continue reading<span class=\"screen-reader-text\">Doktora \u00d6\u011frencileri<\/span><\/a><\/a><\/p>\n","protected":false},"author":7,"featured_media":0,"parent":0,"menu_order":0,"comment_status":"closed","ping_status":"closed","template":"","meta":[],"_links":{"self":[{"href":"http:\/\/power.agu.edu.tr\/index.php\/wp-json\/wp\/v2\/pages\/1224"}],"collection":[{"href":"http:\/\/power.agu.edu.tr\/index.php\/wp-json\/wp\/v2\/pages"}],"about":[{"href":"http:\/\/power.agu.edu.tr\/index.php\/wp-json\/wp\/v2\/types\/page"}],"author":[{"embeddable":true,"href":"http:\/\/power.agu.edu.tr\/index.php\/wp-json\/wp\/v2\/users\/7"}],"replies":[{"embeddable":true,"href":"http:\/\/power.agu.edu.tr\/index.php\/wp-json\/wp\/v2\/comments?post=1224"}],"version-history":[{"count":6,"href":"http:\/\/power.agu.edu.tr\/index.php\/wp-json\/wp\/v2\/pages\/1224\/revisions"}],"predecessor-version":[{"id":1367,"href":"http:\/\/power.agu.edu.tr\/index.php\/wp-json\/wp\/v2\/pages\/1224\/revisions\/1367"}],"wp:attachment":[{"href":"http:\/\/power.agu.edu.tr\/index.php\/wp-json\/wp\/v2\/media?parent=1224"}],"curies":[{"name":"wp","href":"https:\/\/api.w.org\/{rel}","templated":true}]}}