{"id":1221,"date":"2023-03-22T01:06:58","date_gmt":"2023-03-21T22:06:58","guid":{"rendered":"https:\/\/power.agu.edu.tr\/?page_id=1221"},"modified":"2025-04-13T00:50:14","modified_gmt":"2025-04-12T21:50:14","slug":"fakulte-uyeleri","status":"publish","type":"page","link":"http:\/\/power.agu.edu.tr\/index.php\/fakulte-uyeleri\/","title":{"rendered":"\u00d6\u011fretim \u00dcyeleri"},"content":{"rendered":"\n<div class=\"wp-block-media-text alignwide is-stacked-on-mobile\" style=\"grid-template-columns:31% auto\"><figure class=\"wp-block-media-text__media\"><img loading=\"lazy\" width=\"1024\" height=\"682\" src=\"https:\/\/power.agu.edu.tr\/wp-content\/uploads\/2022\/04\/IMG_3734-3-1024x682.jpg\" alt=\"\" class=\"wp-image-648 size-full\" srcset=\"http:\/\/power.agu.edu.tr\/wp-content\/uploads\/2022\/04\/IMG_3734-3-1024x682.jpg 1024w, http:\/\/power.agu.edu.tr\/wp-content\/uploads\/2022\/04\/IMG_3734-3-300x200.jpg 300w, http:\/\/power.agu.edu.tr\/wp-content\/uploads\/2022\/04\/IMG_3734-3-768x511.jpg 768w, http:\/\/power.agu.edu.tr\/wp-content\/uploads\/2022\/04\/IMG_3734-3-1536x1023.jpg 1536w, http:\/\/power.agu.edu.tr\/wp-content\/uploads\/2022\/04\/IMG_3734-3-2048x1364.jpg 2048w\" sizes=\"(max-width: 1024px) 100vw, 1024px\" \/><\/figure><div class=\"wp-block-media-text__content\">\n<p class=\"has-text-align-center has-medium-font-size\"><strong>BURAK TEKG\u00dcN, Do\u00e7. Dr.<\/strong><\/p>\n<\/div><\/div>\n\n\n\n<hr class=\"wp-block-separator is-style-wide\"\/>\n\n\n\n<p><strong>Dr. Tekg\u00fcn <\/strong>Lisans ve Y\u00fcksek lisans derecelerini Sivas Cumhuriyet \u00dcniversitesi elektrik &#8211; elektronik m\u00fchendisli\u011fi b\u00f6l\u00fcm\u00fcnden 2008 ve 2012 y\u0131llar\u0131nda alm\u0131\u015f; doktora derecesini ise The University of Akron elektrik m\u00fchendisli\u011fi b\u00f6l\u00fcm\u00fcnde (Alternative Energy and Advanced Electric Machines (AEAEA) Laboratory) 2016 y\u0131l\u0131nda tamamlam\u0131\u015ft\u0131r. Doktora \u00e7al\u0131\u015fmalar\u0131nda y\u00fcksek frekansl\u0131 g\u00fc\u00e7 elektroni\u011fi, elektrik makinalar\u0131ndaki demir kayb\u0131 tahmini, elektrik makinalar\u0131 kontrol\u00fc ve tasar\u0131m\u0131 konular\u0131nda \u00e7al\u0131\u015fmalar\u0131 olmu\u015ftur.<\/p>\n\n\n\n<p>Kendisi halihaz\u0131rda Abdullah G\u00fcl \u00dcniversitesi elektrik elektronikm\u00fchendisli\u011fi b\u00f6l\u00fcm\u00fcnde Dr. \u00d6\u011fretim \u00dcyesi olarak \u00e7al\u0131\u015fmaktad\u0131r. Abdullah G\u00fcl \u00dcniversitesine kat\u0131lmadan \u00f6nce San Dimas California, ABD&#8217;de bulunan AC Propulsion Inc. firmas\u0131nda k\u0131demli ara\u015ft\u0131rma m\u00fchendisi olarak \u00e7al\u0131\u015fm\u0131\u015ft\u0131r. AC Propultion&#8217;da elektrikli ara\u00e7 uygulamalar\u0131 i\u00e7in asenkron ve sabit m\u0131knat\u0131sl\u0131 senkron (IPM) makinalar\u0131 i\u00e7in ileri kontrol geli\u015ftirilmesi \u00fczerine \u00e7al\u0131\u015fm\u0131\u015ft\u0131r.<\/p>\n\n\n\n<p>Dr. Tekg\u00fcn&#8217;\u00fcn ara\u015ft\u0131rma alanlar\u0131 elektrik makinalar\u0131 tasar\u0131m\u0131 ve kontrol\u00fc, y\u00fcksek g\u00fc\u00e7l\u00fc &#8211; y\u00fcksek frekansl\u0131 g\u00fc\u00e7 d\u00f6n\u00fc\u015ft\u00fcr\u00fcc\u00fcleri, geni\u015f bant aral\u0131kl\u0131 yar\u0131iletken uygulamalar\u0131, demir kay\u0131b\u0131 \u00f6l\u00e7\u00fcm\u00fc, modellemesi ve tahminidir. Dr. Tekg\u00fcn sayg\u0131n dergilerde ve uluslararas\u0131 konferanslarda yay\u0131nlar yapm\u0131\u015ft\u0131r ve IEEE Transactions on Power Electronics, IEEE Transactions on Industry Applications, IEEE Transactions on Transportation Electrification gibi se\u00e7kin dergilerde hakemlikler yapmaktad\u0131r.<\/p>\n\n\n\n<div style=\"height:74px\" aria-hidden=\"true\" class=\"wp-block-spacer\"><\/div>\n\n\n\n<div class=\"wp-block-media-text alignwide is-stacked-on-mobile\" style=\"grid-template-columns:33% auto\"><figure class=\"wp-block-media-text__media\"><img loading=\"lazy\" width=\"327\" height=\"412\" src=\"http:\/\/power.agu.edu.tr\/wp-content\/uploads\/2022\/02\/irfan-hoca-1.png\" alt=\"\" class=\"wp-image-371 size-full\" srcset=\"http:\/\/power.agu.edu.tr\/wp-content\/uploads\/2022\/02\/irfan-hoca-1.png 327w, http:\/\/power.agu.edu.tr\/wp-content\/uploads\/2022\/02\/irfan-hoca-1-238x300.png 238w\" sizes=\"(max-width: 327px) 100vw, 327px\" \/><\/figure><div class=\"wp-block-media-text__content\">\n<p class=\"has-text-align-center has-medium-font-size\"><strong>Prof.Dr. \u0130RFAN ALAN<\/strong><\/p>\n<\/div><\/div>\n\n\n\n<hr class=\"wp-block-separator is-style-wide\"\/>\n\n\n\n<p>Elektrik ve Elektromekanik Enerji D\u00f6n\u00fc\u015f\u00fcm Konular\u0131; Elektrik Makinalar\u0131 ve S\u00fcr\u00fcc\u00fclerinin Tasar\u0131m\u0131 ve Kontrol\u00fc; G\u00fc\u00e7 Elektroni\u011fi Devrelerinin Tasar\u0131m\u0131 ve Kontrol\u00fc; Kay\u0131p Azaltma, Verimlilik ve Performans \u0130yile\u015ftirme Konular\u0131; Elektrik Enerjisinin Verimli Kullan\u0131m\u0131; \u0130nd\u00fcksiyonla Is\u0131tma; Enerji \u00dcretimi ve \u015eekillendirme Konular\u0131; Enerji Depolama Sistemleri ve Kontrol\u00fc; Elektrikli ve Hibrit Elektrikli Ara\u00e7lar\u0131n Elektriksel ve Elektromekanik Y\u00f6nleri; Akt\u00fcat\u00f6r ve Kontrol Sistemleri<\/p>\n\n\n\n<div style=\"height:100px\" aria-hidden=\"true\" class=\"wp-block-spacer\"><\/div>\n\n\n\n<p><\/p>\n","protected":false},"excerpt":{"rendered":"<p>BURAK TEKG\u00dcN, Do\u00e7. Dr. Dr. Tekg\u00fcn Lisans ve Y\u00fcksek lisans derecelerini Sivas Cumhuriyet \u00dcniversitesi elektrik &#8211; elektronik m\u00fchendisli\u011fi b\u00f6l\u00fcm\u00fcnden 2008 ve 2012 y\u0131llar\u0131nda alm\u0131\u015f; doktora<span class=\"more-button\"><a href=\"http:\/\/power.agu.edu.tr\/index.php\/fakulte-uyeleri\/\" class=\"more-link\">Continue reading<span class=\"screen-reader-text\">\u00d6\u011fretim \u00dcyeleri<\/span><\/a><\/a><\/p>\n","protected":false},"author":7,"featured_media":0,"parent":0,"menu_order":0,"comment_status":"closed","ping_status":"closed","template":"","meta":[],"_links":{"self":[{"href":"http:\/\/power.agu.edu.tr\/index.php\/wp-json\/wp\/v2\/pages\/1221"}],"collection":[{"href":"http:\/\/power.agu.edu.tr\/index.php\/wp-json\/wp\/v2\/pages"}],"about":[{"href":"http:\/\/power.agu.edu.tr\/index.php\/wp-json\/wp\/v2\/types\/page"}],"author":[{"embeddable":true,"href":"http:\/\/power.agu.edu.tr\/index.php\/wp-json\/wp\/v2\/users\/7"}],"replies":[{"embeddable":true,"href":"http:\/\/power.agu.edu.tr\/index.php\/wp-json\/wp\/v2\/comments?post=1221"}],"version-history":[{"count":3,"href":"http:\/\/power.agu.edu.tr\/index.php\/wp-json\/wp\/v2\/pages\/1221\/revisions"}],"predecessor-version":[{"id":1356,"href":"http:\/\/power.agu.edu.tr\/index.php\/wp-json\/wp\/v2\/pages\/1221\/revisions\/1356"}],"wp:attachment":[{"href":"http:\/\/power.agu.edu.tr\/index.php\/wp-json\/wp\/v2\/media?parent=1221"}],"curies":[{"name":"wp","href":"https:\/\/api.w.org\/{rel}","templated":true}]}}