{"id":1216,"date":"2023-03-22T01:00:46","date_gmt":"2023-03-21T22:00:46","guid":{"rendered":"https:\/\/power.agu.edu.tr\/?page_id=1216"},"modified":"2025-04-13T00:50:14","modified_gmt":"2025-04-12T21:50:14","slug":"kisiler","status":"publish","type":"page","link":"http:\/\/power.agu.edu.tr\/index.php\/kisiler\/","title":{"rendered":"Ki\u015filer"},"content":{"rendered":"<div class=\"is-default-size wp-block-site-logo\"><a href=\"http:\/\/power.agu.edu.tr\/\" class=\"custom-logo-link\" rel=\"home\" target=\"_blank\"aria-label=\"(Home link, opens in a new tab)\"><img loading=\"lazy\" width=\"303\" height=\"160\" src=\"http:\/\/power.agu.edu.tr\/wp-content\/uploads\/2023\/03\/cropped-Agu_power_lab_eng.jpg\" class=\"custom-logo\" alt=\"\" srcset=\"http:\/\/power.agu.edu.tr\/wp-content\/uploads\/2023\/03\/cropped-Agu_power_lab_eng.jpg 303w, http:\/\/power.agu.edu.tr\/wp-content\/uploads\/2023\/03\/cropped-Agu_power_lab_eng-300x158.jpg 300w\" sizes=\"(max-width: 303px) 100vw, 303px\" \/><\/a><\/div>\n\n\n<hr class=\"wp-block-separator\"\/>\n\n\n\n<figure class=\"wp-block-image size-large is-style-default\"><img loading=\"lazy\" width=\"1024\" height=\"682\" src=\"https:\/\/power.agu.edu.tr\/wp-content\/uploads\/2022\/04\/IMG_3743-1-1024x682.jpg\" alt=\"\" class=\"wp-image-633\" srcset=\"http:\/\/power.agu.edu.tr\/wp-content\/uploads\/2022\/04\/IMG_3743-1-1024x682.jpg 1024w, http:\/\/power.agu.edu.tr\/wp-content\/uploads\/2022\/04\/IMG_3743-1-300x200.jpg 300w, http:\/\/power.agu.edu.tr\/wp-content\/uploads\/2022\/04\/IMG_3743-1-768x511.jpg 768w, http:\/\/power.agu.edu.tr\/wp-content\/uploads\/2022\/04\/IMG_3743-1-1536x1023.jpg 1536w, http:\/\/power.agu.edu.tr\/wp-content\/uploads\/2022\/04\/IMG_3743-1-2048x1364.jpg 2048w\" sizes=\"(max-width: 1024px) 100vw, 1024px\" \/><\/figure>\n\n\n\n<div style=\"height:100px\" aria-hidden=\"true\" class=\"wp-block-spacer\"><\/div>\n\n\n\n<div class=\"wp-block-columns\">\n<div class=\"wp-block-column\">\n<h2 class=\"has-text-align-center\"><a href=\"https:\/\/power.agu.edu.tr\/index.php\/fakulte-uyeleri\/\">Fak\u00fclte \u00fcyeleri<\/a><\/h2>\n<\/div>\n\n\n\n<div class=\"wp-block-column\">\n<h2 class=\"has-text-align-center\"><a href=\"https:\/\/power.agu.edu.tr\/index.php\/doktora-ogrencileri\/\">Doktora \u00d6\u011frencileri<\/a><\/h2>\n<\/div>\n<\/div>\n\n\n\n<div class=\"wp-block-columns\">\n<div class=\"wp-block-column\">\n<h2 class=\"has-text-align-center\"><a href=\"https:\/\/power.agu.edu.tr\/index.php\/yuksek-lisans-ogrencileri\/\">Y\u00fcksek Lisans \u00d6\u011frencileri<\/a><\/h2>\n<\/div>\n\n\n\n<div class=\"wp-block-column\">\n<h2 class=\"has-text-align-center\"><a href=\"https:\/\/power.agu.edu.tr\/index.php\/lisans-ogrencileri\/\">Lisans \u00d6\u011frencileri<\/a><\/h2>\n<\/div>\n<\/div>\n\n\n\n<div style=\"height:100px\" aria-hidden=\"true\" class=\"wp-block-spacer\"><\/div>\n","protected":false},"excerpt":{"rendered":"<p>Fak\u00fclte \u00fcyeleri Doktora \u00d6\u011frencileri Y\u00fcksek Lisans \u00d6\u011frencileri Lisans \u00d6\u011frencileri<\/p>\n","protected":false},"author":7,"featured_media":0,"parent":0,"menu_order":0,"comment_status":"closed","ping_status":"closed","template":"","meta":[],"_links":{"self":[{"href":"http:\/\/power.agu.edu.tr\/index.php\/wp-json\/wp\/v2\/pages\/1216"}],"collection":[{"href":"http:\/\/power.agu.edu.tr\/index.php\/wp-json\/wp\/v2\/pages"}],"about":[{"href":"http:\/\/power.agu.edu.tr\/index.php\/wp-json\/wp\/v2\/types\/page"}],"author":[{"embeddable":true,"href":"http:\/\/power.agu.edu.tr\/index.php\/wp-json\/wp\/v2\/users\/7"}],"replies":[{"embeddable":true,"href":"http:\/\/power.agu.edu.tr\/index.php\/wp-json\/wp\/v2\/comments?post=1216"}],"version-history":[{"count":4,"href":"http:\/\/power.agu.edu.tr\/index.php\/wp-json\/wp\/v2\/pages\/1216\/revisions"}],"predecessor-version":[{"id":1241,"href":"http:\/\/power.agu.edu.tr\/index.php\/wp-json\/wp\/v2\/pages\/1216\/revisions\/1241"}],"wp:attachment":[{"href":"http:\/\/power.agu.edu.tr\/index.php\/wp-json\/wp\/v2\/media?parent=1216"}],"curies":[{"name":"wp","href":"https:\/\/api.w.org\/{rel}","templated":true}]}}