{"id":1174,"date":"2022-10-04T22:41:56","date_gmt":"2022-10-04T19:41:56","guid":{"rendered":"https:\/\/power.agu.edu.tr\/?page_id=1174"},"modified":"2025-04-13T00:50:14","modified_gmt":"2025-04-12T21:50:14","slug":"iletisim","status":"publish","type":"page","link":"http:\/\/power.agu.edu.tr\/index.php\/iletisim\/","title":{"rendered":"\u0130leti\u015fim"},"content":{"rendered":"\n<hr class=\"wp-block-separator\"\/>\n\n\n\n<div class=\"wp-block-columns are-vertically-aligned-center\">\n<div class=\"wp-block-column is-vertically-aligned-center\">\n<figure class=\"wp-block-gallery has-nested-images columns-default is-cropped\">\n<figure class=\"wp-block-image size-thumbnail is-style-rounded\"><img loading=\"lazy\" width=\"150\" height=\"150\" src=\"https:\/\/power.agu.edu.tr\/wp-content\/uploads\/2022\/04\/IMG_3734-1-150x150.jpg\" alt=\"\" class=\"wp-image-645\"\/><\/figure>\n<\/figure>\n<\/div>\n\n\n\n<div class=\"wp-block-column is-vertically-aligned-center\"><\/div>\n\n\n\n<div class=\"wp-block-column is-vertically-aligned-center\"><\/div>\n<\/div>\n\n\n\n<p class=\"has-black-color has-text-color\"><strong>Dr. Burak Tekg\u00fcn<\/strong><\/p>\n\n\n\n<p>Elektrik ve Bilgisayar M\u00fchendisli\u011fi B\u00f6l\u00fcm\u00fc, Abdullah G\u00fcl \u00dcniversitesi<\/p>\n\n\n\n<p><strong>Telefon:<\/strong> <a href=\"tel:+90 352 224 8800\">+90 352 224 8800<\/a>\u00a0Fax: 7376<\/p>\n\n\n\n<p><strong>Mail adresi:<\/strong> <a href=\"mailto:burak.tekgun@agu.edu.tr\">burak.tekgun@agu.edu.tr<\/a><\/p>\n\n\n\n<p><gwmw style=\"display:none;\"><\/p>\n","protected":false},"excerpt":{"rendered":"<p>Dr. Burak Tekg\u00fcn Elektrik ve Bilgisayar M\u00fchendisli\u011fi B\u00f6l\u00fcm\u00fc, Abdullah G\u00fcl \u00dcniversitesi Telefon: +90 352 224 8800\u00a0Fax: 7376 Mail adresi: burak.tekgun@agu.edu.tr<\/p>\n","protected":false},"author":4,"featured_media":0,"parent":0,"menu_order":0,"comment_status":"closed","ping_status":"closed","template":"","meta":[],"_links":{"self":[{"href":"http:\/\/power.agu.edu.tr\/index.php\/wp-json\/wp\/v2\/pages\/1174"}],"collection":[{"href":"http:\/\/power.agu.edu.tr\/index.php\/wp-json\/wp\/v2\/pages"}],"about":[{"href":"http:\/\/power.agu.edu.tr\/index.php\/wp-json\/wp\/v2\/types\/page"}],"author":[{"embeddable":true,"href":"http:\/\/power.agu.edu.tr\/index.php\/wp-json\/wp\/v2\/users\/4"}],"replies":[{"embeddable":true,"href":"http:\/\/power.agu.edu.tr\/index.php\/wp-json\/wp\/v2\/comments?post=1174"}],"version-history":[{"count":3,"href":"http:\/\/power.agu.edu.tr\/index.php\/wp-json\/wp\/v2\/pages\/1174\/revisions"}],"predecessor-version":[{"id":1249,"href":"http:\/\/power.agu.edu.tr\/index.php\/wp-json\/wp\/v2\/pages\/1174\/revisions\/1249"}],"wp:attachment":[{"href":"http:\/\/power.agu.edu.tr\/index.php\/wp-json\/wp\/v2\/media?parent=1174"}],"curies":[{"name":"wp","href":"https:\/\/api.w.org\/{rel}","templated":true}]}}